{"id":821,"date":"2018-02-05T10:49:43","date_gmt":"2018-02-05T08:49:43","guid":{"rendered":"https:\/\/reideniplaat.ee\/eps-soojustus\/"},"modified":"2018-08-02T10:50:24","modified_gmt":"2018-08-02T08:50:24","slug":"eps-insulation","status":"publish","type":"page","link":"https:\/\/reideniplaat.ee\/en\/eps-insulation\/","title":{"rendered":"EPS insulation"},"content":{"rendered":"<h2>EPS material<\/h2>\n<p>Fast growing energy costs make the owners of old and new houses think about good and effective insulation. The use of styrofoam EPS TERM insulation boards is economically effective and saves the natural environment.<\/p>\n<p><strong>EPS insulation boards are light, easy to handle, they do not lose their thermal insulation features, are not deformed and maintain their structural strength.<\/strong><\/p>\n<p>When polystyrene granules are expanded by vapour they melt and form a material with closed pores called EPS-plastic, which structure comprises 98% of air closed in pores. As we all know that immobile air is a very good thermal insulator and due to that EPS is an outstanding thermal insulation material.<br \/>\nThe acronym EPS &#8211; denoting styrofoam comes form an English word expanded polystyrene. Earlier EPS was named styrofoam, penoplastic ja foam plastic.<\/p>\n<p>The quality requirements of EPS products are based on the features, which are required from insulation material applied in specific locations including: thermal conductivity, load bearing capacity, cutting and bending strength, water-proofness, air and steam permeability, stability of measurements and fire-proofness. EPS TERM insulation boards are made of raw material containing additives that block fire and ensure the non-flammable and self-extinguishing features of EPS. If you remove the burning source from the material, it stops burning on its own. Such practically non-flammable and self-extinguishing material belongs to fire class \u2013 Euroclass E.<\/p>\n","protected":false},"excerpt":{"rendered":"<p>EPS material Fast growing energy costs make the owners of old and new houses think about good and effective insulation. The use of styrofoam EPS TERM<span class=\"excerpt-hellip\"> [\u2026]<\/span><\/p>\n","protected":false},"author":1,"featured_media":0,"parent":0,"menu_order":0,"comment_status":"closed","ping_status":"closed","template":"","meta":{"_acf_changed":false,"footnotes":""},"class_list":["post-821","page","type-page","status-publish","hentry"],"acf":[],"yoast_head":"<!-- This site is optimized with the Yoast SEO plugin v25.0 - https:\/\/yoast.com\/wordpress\/plugins\/seo\/ -->\n<title>EPS insulation - Reideni Plaat AS<\/title>\n<meta name=\"description\" content=\"EPS soojustusplaadid on kerged, lihtsalt k\u00e4sitletavad, ei kaota aja jooksul soojust isoleerivaid omadusi ega deformeeru ning samas omavad konstruktiivset tugevust. Reideni vahtpol\u00fcst\u00fcreenist EPS soojustusplaatide kasutamine on majanduslikult efektiivne ja looduskeskkonda s\u00e4\u00e4stev valik.\" \/>\n<meta name=\"robots\" content=\"index, follow, max-snippet:-1, max-image-preview:large, max-video-preview:-1\" \/>\n<link rel=\"canonical\" href=\"https:\/\/reideniplaat.ee\/en\/eps-insulation\/\" \/>\n<meta property=\"og:locale\" content=\"en_US\" \/>\n<meta property=\"og:type\" content=\"article\" \/>\n<meta property=\"og:title\" content=\"EPS insulation - Reideni Plaat AS\" \/>\n<meta property=\"og:description\" content=\"EPS soojustusplaadid on kerged, lihtsalt k\u00e4sitletavad, ei kaota aja jooksul soojust isoleerivaid omadusi ega deformeeru ning samas omavad konstruktiivset tugevust. Reideni vahtpol\u00fcst\u00fcreenist EPS soojustusplaatide kasutamine on majanduslikult efektiivne ja looduskeskkonda s\u00e4\u00e4stev valik.\" \/>\n<meta property=\"og:url\" content=\"https:\/\/reideniplaat.ee\/en\/eps-insulation\/\" \/>\n<meta property=\"og:site_name\" content=\"Reideni Plaat AS\" \/>\n<meta property=\"article:modified_time\" content=\"2018-08-02T08:50:24+00:00\" \/>\n<meta name=\"twitter:card\" content=\"summary_large_image\" \/>\n<meta name=\"twitter:label1\" content=\"Est. reading time\" \/>\n\t<meta name=\"twitter:data1\" content=\"1 minute\" \/>\n<script type=\"application\/ld+json\" class=\"yoast-schema-graph\">{\"@context\":\"https:\/\/schema.org\",\"@graph\":[{\"@type\":\"WebPage\",\"@id\":\"https:\/\/reideniplaat.ee\/en\/eps-insulation\/\",\"url\":\"https:\/\/reideniplaat.ee\/en\/eps-insulation\/\",\"name\":\"EPS insulation - Reideni Plaat AS\",\"isPartOf\":{\"@id\":\"https:\/\/reideniplaat.ee\/#website\"},\"datePublished\":\"2018-02-05T08:49:43+00:00\",\"dateModified\":\"2018-08-02T08:50:24+00:00\",\"description\":\"EPS soojustusplaadid on kerged, lihtsalt k\u00e4sitletavad, ei kaota aja jooksul soojust isoleerivaid omadusi ega deformeeru ning samas omavad konstruktiivset tugevust. Reideni vahtpol\u00fcst\u00fcreenist EPS soojustusplaatide kasutamine on majanduslikult efektiivne ja looduskeskkonda s\u00e4\u00e4stev valik.\",\"breadcrumb\":{\"@id\":\"https:\/\/reideniplaat.ee\/en\/eps-insulation\/#breadcrumb\"},\"inLanguage\":\"en-US\",\"potentialAction\":[{\"@type\":\"ReadAction\",\"target\":[\"https:\/\/reideniplaat.ee\/en\/eps-insulation\/\"]}]},{\"@type\":\"BreadcrumbList\",\"@id\":\"https:\/\/reideniplaat.ee\/en\/eps-insulation\/#breadcrumb\",\"itemListElement\":[{\"@type\":\"ListItem\",\"position\":1,\"name\":\"Home\",\"item\":\"https:\/\/reideniplaat.ee\/en\/\"},{\"@type\":\"ListItem\",\"position\":2,\"name\":\"EPS insulation\"}]},{\"@type\":\"WebSite\",\"@id\":\"https:\/\/reideniplaat.ee\/#website\",\"url\":\"https:\/\/reideniplaat.ee\/\",\"name\":\"Reideni Plaat AS\",\"description\":\"\",\"potentialAction\":[{\"@type\":\"SearchAction\",\"target\":{\"@type\":\"EntryPoint\",\"urlTemplate\":\"https:\/\/reideniplaat.ee\/?s={search_term_string}\"},\"query-input\":{\"@type\":\"PropertyValueSpecification\",\"valueRequired\":true,\"valueName\":\"search_term_string\"}}],\"inLanguage\":\"en-US\"}]}<\/script>\n<!-- \/ Yoast SEO plugin. -->","yoast_head_json":{"title":"EPS insulation - Reideni Plaat AS","description":"EPS soojustusplaadid on kerged, lihtsalt k\u00e4sitletavad, ei kaota aja jooksul soojust isoleerivaid omadusi ega deformeeru ning samas omavad konstruktiivset tugevust. Reideni vahtpol\u00fcst\u00fcreenist EPS soojustusplaatide kasutamine on majanduslikult efektiivne ja looduskeskkonda s\u00e4\u00e4stev valik.","robots":{"index":"index","follow":"follow","max-snippet":"max-snippet:-1","max-image-preview":"max-image-preview:large","max-video-preview":"max-video-preview:-1"},"canonical":"https:\/\/reideniplaat.ee\/en\/eps-insulation\/","og_locale":"en_US","og_type":"article","og_title":"EPS insulation - Reideni Plaat AS","og_description":"EPS soojustusplaadid on kerged, lihtsalt k\u00e4sitletavad, ei kaota aja jooksul soojust isoleerivaid omadusi ega deformeeru ning samas omavad konstruktiivset tugevust. Reideni vahtpol\u00fcst\u00fcreenist EPS soojustusplaatide kasutamine on majanduslikult efektiivne ja looduskeskkonda s\u00e4\u00e4stev valik.","og_url":"https:\/\/reideniplaat.ee\/en\/eps-insulation\/","og_site_name":"Reideni Plaat AS","article_modified_time":"2018-08-02T08:50:24+00:00","twitter_card":"summary_large_image","twitter_misc":{"Est. reading time":"1 minute"},"schema":{"@context":"https:\/\/schema.org","@graph":[{"@type":"WebPage","@id":"https:\/\/reideniplaat.ee\/en\/eps-insulation\/","url":"https:\/\/reideniplaat.ee\/en\/eps-insulation\/","name":"EPS insulation - Reideni Plaat AS","isPartOf":{"@id":"https:\/\/reideniplaat.ee\/#website"},"datePublished":"2018-02-05T08:49:43+00:00","dateModified":"2018-08-02T08:50:24+00:00","description":"EPS soojustusplaadid on kerged, lihtsalt k\u00e4sitletavad, ei kaota aja jooksul soojust isoleerivaid omadusi ega deformeeru ning samas omavad konstruktiivset tugevust. Reideni vahtpol\u00fcst\u00fcreenist EPS soojustusplaatide kasutamine on majanduslikult efektiivne ja looduskeskkonda s\u00e4\u00e4stev valik.","breadcrumb":{"@id":"https:\/\/reideniplaat.ee\/en\/eps-insulation\/#breadcrumb"},"inLanguage":"en-US","potentialAction":[{"@type":"ReadAction","target":["https:\/\/reideniplaat.ee\/en\/eps-insulation\/"]}]},{"@type":"BreadcrumbList","@id":"https:\/\/reideniplaat.ee\/en\/eps-insulation\/#breadcrumb","itemListElement":[{"@type":"ListItem","position":1,"name":"Home","item":"https:\/\/reideniplaat.ee\/en\/"},{"@type":"ListItem","position":2,"name":"EPS insulation"}]},{"@type":"WebSite","@id":"https:\/\/reideniplaat.ee\/#website","url":"https:\/\/reideniplaat.ee\/","name":"Reideni Plaat AS","description":"","potentialAction":[{"@type":"SearchAction","target":{"@type":"EntryPoint","urlTemplate":"https:\/\/reideniplaat.ee\/?s={search_term_string}"},"query-input":{"@type":"PropertyValueSpecification","valueRequired":true,"valueName":"search_term_string"}}],"inLanguage":"en-US"}]}},"_links":{"self":[{"href":"https:\/\/reideniplaat.ee\/en\/wp-json\/wp\/v2\/pages\/821","targetHints":{"allow":["GET"]}}],"collection":[{"href":"https:\/\/reideniplaat.ee\/en\/wp-json\/wp\/v2\/pages"}],"about":[{"href":"https:\/\/reideniplaat.ee\/en\/wp-json\/wp\/v2\/types\/page"}],"author":[{"embeddable":true,"href":"https:\/\/reideniplaat.ee\/en\/wp-json\/wp\/v2\/users\/1"}],"replies":[{"embeddable":true,"href":"https:\/\/reideniplaat.ee\/en\/wp-json\/wp\/v2\/comments?post=821"}],"version-history":[{"count":3,"href":"https:\/\/reideniplaat.ee\/en\/wp-json\/wp\/v2\/pages\/821\/revisions"}],"predecessor-version":[{"id":824,"href":"https:\/\/reideniplaat.ee\/en\/wp-json\/wp\/v2\/pages\/821\/revisions\/824"}],"wp:attachment":[{"href":"https:\/\/reideniplaat.ee\/en\/wp-json\/wp\/v2\/media?parent=821"}],"curies":[{"name":"wp","href":"https:\/\/api.w.org\/{rel}","templated":true}]}}