{"id":849,"date":"2018-02-07T14:24:55","date_gmt":"2018-02-07T12:24:55","guid":{"rendered":"https:\/\/reideniplaat.ee\/fassaadi-soojustamine\/"},"modified":"2018-06-06T09:24:40","modified_gmt":"2018-06-06T07:24:40","slug":"insulation-of-the-facade","status":"publish","type":"page","link":"https:\/\/reideniplaat.ee\/en\/insulation-of-the-facade\/","title":{"rendered":"Insulation of the facade"},"content":{"rendered":"<div class=\"column one-second mobile-one\"><div class=\"mcb-column-inner\"><\/p>\n<p>Due to good engineering-physical features EPS Fassaadiplaat (Facade board) is used for insulation in renovated and new buildings together with thin-wall plaster systems.<\/p>\n<p>When insulating the facade with thin wall plaster, the board has to bear the load of the plaster layer and suitable insulation boards for that are EPS 60 or EPS 60 Silver products.<\/p>\n<p>Facade boards are chosen with thickness, which ensures appropriate thermal insulation of the periphery. In order to make the installation of boards on the wall easier, they are made in size 1000 x 600 mm, the thickness of the board can be chosen by the client.<\/p>\n<p><\/div><\/div>\n\n<div class=\"column one-second mobile-one\"><div class=\"mcb-column-inner\"><\/p>\n<h2>Advantages of EPS upon the thermal insulation of the facade<\/h2>\n<ul>\n<li>Easy to install \u2013 EPS fa\u00e7ade boards are light, have suitable measurements and can be easily cut into right measures<\/li>\n<li>Thermal insulation of periphery constructions of the building outside is the best insulation solution<\/li>\n<li>For the installation of EPS fa\u00e7ade boards it is not necessary to build a frame or use wind screen boards<\/li>\n<li>Large variety of products \u2013 the special thickness of EPS fa\u00e7ade boards can be ordered in different measurements according to the calculations of the thermal insulation of the peripheral constructions<\/li>\n<li>Quality \u2013 EPS fa\u00e7ade boards enable air and steam permeation, with stable measurements and non-flammable (fire class E)<\/li>\n<\/ul>\n<p><\/div><\/div>\n\n","protected":false},"excerpt":{"rendered":"","protected":false},"author":1,"featured_media":0,"parent":0,"menu_order":0,"comment_status":"closed","ping_status":"closed","template":"","meta":{"_acf_changed":false,"footnotes":""},"class_list":["post-849","page","type-page","status-publish","hentry"],"acf":[],"yoast_head":"<!-- This site is optimized with the Yoast SEO plugin v25.0 - https:\/\/yoast.com\/wordpress\/plugins\/seo\/ -->\n<title>Insulation of the facade - Reideni Plaat AS<\/title>\n<meta name=\"description\" content=\"Heade ehitusf\u00fc\u00fcsikaliste omaduste t\u00f5ttu kasutatakse EPS Fassaadiplaati renoveeritavate ja uute hoonete v\u00e4lisseinte soojustamiseks koos \u00f5hekrohvs\u00fcsteemidega. Fassaadiplaat valitakse paksusega, mis tagab piirdele soovitud soojapidavuse.\" \/>\n<meta name=\"robots\" content=\"index, follow, max-snippet:-1, max-image-preview:large, max-video-preview:-1\" \/>\n<link rel=\"canonical\" href=\"https:\/\/reideniplaat.ee\/en\/insulation-of-the-facade\/\" \/>\n<meta property=\"og:locale\" content=\"en_US\" \/>\n<meta property=\"og:type\" content=\"article\" \/>\n<meta property=\"og:title\" content=\"Insulation of the facade - Reideni Plaat AS\" \/>\n<meta property=\"og:description\" content=\"Heade ehitusf\u00fc\u00fcsikaliste omaduste t\u00f5ttu kasutatakse EPS Fassaadiplaati renoveeritavate ja uute hoonete v\u00e4lisseinte soojustamiseks koos \u00f5hekrohvs\u00fcsteemidega. Fassaadiplaat valitakse paksusega, mis tagab piirdele soovitud soojapidavuse.\" \/>\n<meta property=\"og:url\" content=\"https:\/\/reideniplaat.ee\/en\/insulation-of-the-facade\/\" \/>\n<meta property=\"og:site_name\" content=\"Reideni Plaat AS\" \/>\n<meta property=\"article:modified_time\" content=\"2018-06-06T07:24:40+00:00\" \/>\n<meta name=\"twitter:card\" content=\"summary_large_image\" \/>\n<meta name=\"twitter:label1\" content=\"Est. reading time\" \/>\n\t<meta name=\"twitter:data1\" content=\"1 minute\" \/>\n<script type=\"application\/ld+json\" class=\"yoast-schema-graph\">{\"@context\":\"https:\/\/schema.org\",\"@graph\":[{\"@type\":\"WebPage\",\"@id\":\"https:\/\/reideniplaat.ee\/en\/insulation-of-the-facade\/\",\"url\":\"https:\/\/reideniplaat.ee\/en\/insulation-of-the-facade\/\",\"name\":\"Insulation of the facade - Reideni Plaat AS\",\"isPartOf\":{\"@id\":\"https:\/\/reideniplaat.ee\/#website\"},\"datePublished\":\"2018-02-07T12:24:55+00:00\",\"dateModified\":\"2018-06-06T07:24:40+00:00\",\"description\":\"Heade ehitusf\u00fc\u00fcsikaliste omaduste t\u00f5ttu kasutatakse EPS Fassaadiplaati renoveeritavate ja uute hoonete v\u00e4lisseinte soojustamiseks koos \u00f5hekrohvs\u00fcsteemidega. Fassaadiplaat valitakse paksusega, mis tagab piirdele soovitud soojapidavuse.\",\"breadcrumb\":{\"@id\":\"https:\/\/reideniplaat.ee\/en\/insulation-of-the-facade\/#breadcrumb\"},\"inLanguage\":\"en-US\",\"potentialAction\":[{\"@type\":\"ReadAction\",\"target\":[\"https:\/\/reideniplaat.ee\/en\/insulation-of-the-facade\/\"]}]},{\"@type\":\"BreadcrumbList\",\"@id\":\"https:\/\/reideniplaat.ee\/en\/insulation-of-the-facade\/#breadcrumb\",\"itemListElement\":[{\"@type\":\"ListItem\",\"position\":1,\"name\":\"Home\",\"item\":\"https:\/\/reideniplaat.ee\/en\/\"},{\"@type\":\"ListItem\",\"position\":2,\"name\":\"Insulation of the facade\"}]},{\"@type\":\"WebSite\",\"@id\":\"https:\/\/reideniplaat.ee\/#website\",\"url\":\"https:\/\/reideniplaat.ee\/\",\"name\":\"Reideni Plaat AS\",\"description\":\"\",\"potentialAction\":[{\"@type\":\"SearchAction\",\"target\":{\"@type\":\"EntryPoint\",\"urlTemplate\":\"https:\/\/reideniplaat.ee\/?s={search_term_string}\"},\"query-input\":{\"@type\":\"PropertyValueSpecification\",\"valueRequired\":true,\"valueName\":\"search_term_string\"}}],\"inLanguage\":\"en-US\"}]}<\/script>\n<!-- \/ Yoast SEO plugin. -->","yoast_head_json":{"title":"Insulation of the facade - Reideni Plaat AS","description":"Heade ehitusf\u00fc\u00fcsikaliste omaduste t\u00f5ttu kasutatakse EPS Fassaadiplaati renoveeritavate ja uute hoonete v\u00e4lisseinte soojustamiseks koos \u00f5hekrohvs\u00fcsteemidega. Fassaadiplaat valitakse paksusega, mis tagab piirdele soovitud soojapidavuse.","robots":{"index":"index","follow":"follow","max-snippet":"max-snippet:-1","max-image-preview":"max-image-preview:large","max-video-preview":"max-video-preview:-1"},"canonical":"https:\/\/reideniplaat.ee\/en\/insulation-of-the-facade\/","og_locale":"en_US","og_type":"article","og_title":"Insulation of the facade - Reideni Plaat AS","og_description":"Heade ehitusf\u00fc\u00fcsikaliste omaduste t\u00f5ttu kasutatakse EPS Fassaadiplaati renoveeritavate ja uute hoonete v\u00e4lisseinte soojustamiseks koos \u00f5hekrohvs\u00fcsteemidega. Fassaadiplaat valitakse paksusega, mis tagab piirdele soovitud soojapidavuse.","og_url":"https:\/\/reideniplaat.ee\/en\/insulation-of-the-facade\/","og_site_name":"Reideni Plaat AS","article_modified_time":"2018-06-06T07:24:40+00:00","twitter_card":"summary_large_image","twitter_misc":{"Est. reading time":"1 minute"},"schema":{"@context":"https:\/\/schema.org","@graph":[{"@type":"WebPage","@id":"https:\/\/reideniplaat.ee\/en\/insulation-of-the-facade\/","url":"https:\/\/reideniplaat.ee\/en\/insulation-of-the-facade\/","name":"Insulation of the facade - Reideni Plaat AS","isPartOf":{"@id":"https:\/\/reideniplaat.ee\/#website"},"datePublished":"2018-02-07T12:24:55+00:00","dateModified":"2018-06-06T07:24:40+00:00","description":"Heade ehitusf\u00fc\u00fcsikaliste omaduste t\u00f5ttu kasutatakse EPS Fassaadiplaati renoveeritavate ja uute hoonete v\u00e4lisseinte soojustamiseks koos \u00f5hekrohvs\u00fcsteemidega. Fassaadiplaat valitakse paksusega, mis tagab piirdele soovitud soojapidavuse.","breadcrumb":{"@id":"https:\/\/reideniplaat.ee\/en\/insulation-of-the-facade\/#breadcrumb"},"inLanguage":"en-US","potentialAction":[{"@type":"ReadAction","target":["https:\/\/reideniplaat.ee\/en\/insulation-of-the-facade\/"]}]},{"@type":"BreadcrumbList","@id":"https:\/\/reideniplaat.ee\/en\/insulation-of-the-facade\/#breadcrumb","itemListElement":[{"@type":"ListItem","position":1,"name":"Home","item":"https:\/\/reideniplaat.ee\/en\/"},{"@type":"ListItem","position":2,"name":"Insulation of the facade"}]},{"@type":"WebSite","@id":"https:\/\/reideniplaat.ee\/#website","url":"https:\/\/reideniplaat.ee\/","name":"Reideni Plaat AS","description":"","potentialAction":[{"@type":"SearchAction","target":{"@type":"EntryPoint","urlTemplate":"https:\/\/reideniplaat.ee\/?s={search_term_string}"},"query-input":{"@type":"PropertyValueSpecification","valueRequired":true,"valueName":"search_term_string"}}],"inLanguage":"en-US"}]}},"_links":{"self":[{"href":"https:\/\/reideniplaat.ee\/en\/wp-json\/wp\/v2\/pages\/849","targetHints":{"allow":["GET"]}}],"collection":[{"href":"https:\/\/reideniplaat.ee\/en\/wp-json\/wp\/v2\/pages"}],"about":[{"href":"https:\/\/reideniplaat.ee\/en\/wp-json\/wp\/v2\/types\/page"}],"author":[{"embeddable":true,"href":"https:\/\/reideniplaat.ee\/en\/wp-json\/wp\/v2\/users\/1"}],"replies":[{"embeddable":true,"href":"https:\/\/reideniplaat.ee\/en\/wp-json\/wp\/v2\/comments?post=849"}],"version-history":[{"count":2,"href":"https:\/\/reideniplaat.ee\/en\/wp-json\/wp\/v2\/pages\/849\/revisions"}],"predecessor-version":[{"id":851,"href":"https:\/\/reideniplaat.ee\/en\/wp-json\/wp\/v2\/pages\/849\/revisions\/851"}],"wp:attachment":[{"href":"https:\/\/reideniplaat.ee\/en\/wp-json\/wp\/v2\/media?parent=849"}],"curies":[{"name":"wp","href":"https:\/\/api.w.org\/{rel}","templated":true}]}}