{"id":855,"date":"2018-02-07T14:29:12","date_gmt":"2018-02-07T12:29:12","guid":{"rendered":"https:\/\/reideniplaat.ee\/poranda-soojustamine\/"},"modified":"2018-06-06T09:26:11","modified_gmt":"2018-06-06T07:26:11","slug":"floor-insulation","status":"publish","type":"page","link":"https:\/\/reideniplaat.ee\/en\/floor-insulation\/","title":{"rendered":"Floor insulation"},"content":{"rendered":"<div class=\"column one-second mobile-one\"><div class=\"mcb-column-inner\"><\/p>\n<p>Due to very good thermal insulation ability, great load bearing capacity, water-proofness EPS products are widely used in different concrete floor constructions. EPS boards may be installed right on the surface and they do not require protection against moisture.<\/p>\n<p>EPS board is suitable for insulating the floor:<\/p>\n<ul>\n<li>Moderate load in floor constructions \u2013 under-concrete insulation in private houses, apartments, public institutions<\/li>\n<li>For insulation of heavily loaded concrete floors \u2013 in shops, warehouses, industrial premises<\/li>\n<li>For the under concrete insulation of heavily loaded floors \u2013 production buildings, warehouses, garages, parking houses<\/li>\n<\/ul>\n<p><\/div><\/div>\n\n<div class=\"column one-second mobile-one\"><div class=\"mcb-column-inner\"><\/p>\n<h2>Advantages of EPS in floor insulation<\/h2>\n<ul>\n<li>Strength \u2013 EPS product have small density with adequately good load bearing capacity<\/li>\n<li>Water-proofness \u2013 water and moisture in concrete do not damage the features of the material<\/li>\n<li>Floors can be constructed on surface<\/li>\n<li>Simple to install \u2013 possible to use big boards<\/li>\n<\/ul>\n<p><\/div><\/div>\n\n","protected":false},"excerpt":{"rendered":"","protected":false},"author":1,"featured_media":0,"parent":0,"menu_order":0,"comment_status":"closed","ping_status":"closed","template":"","meta":{"_acf_changed":false,"footnotes":""},"class_list":["post-855","page","type-page","status-publish","hentry"],"acf":[],"yoast_head":"<!-- This site is optimized with the Yoast SEO plugin v25.0 - https:\/\/yoast.com\/wordpress\/plugins\/seo\/ -->\n<title>Floor insulation - Reideni Plaat AS<\/title>\n<meta name=\"description\" content=\"T\u00e4nu v\u00e4ga heale soojusisolatsiooniv\u00f5imele, suurele koormustaluvusele ja niiskuskindlusele kasutatakse EPS-tooteid laialdaselt erinevates betoonp\u00f5randakonstruktsioonides. EPS-plaadid v\u00f5ib paigaldada otse pinnasele ja nad ei vaja kaitset niiskuse vastu.\" \/>\n<meta name=\"robots\" content=\"index, follow, max-snippet:-1, max-image-preview:large, max-video-preview:-1\" \/>\n<link rel=\"canonical\" href=\"https:\/\/reideniplaat.ee\/en\/floor-insulation\/\" \/>\n<meta property=\"og:locale\" content=\"en_US\" \/>\n<meta property=\"og:type\" content=\"article\" \/>\n<meta property=\"og:title\" content=\"Floor insulation - Reideni Plaat AS\" \/>\n<meta property=\"og:description\" content=\"T\u00e4nu v\u00e4ga heale soojusisolatsiooniv\u00f5imele, suurele koormustaluvusele ja niiskuskindlusele kasutatakse EPS-tooteid laialdaselt erinevates betoonp\u00f5randakonstruktsioonides. EPS-plaadid v\u00f5ib paigaldada otse pinnasele ja nad ei vaja kaitset niiskuse vastu.\" \/>\n<meta property=\"og:url\" content=\"https:\/\/reideniplaat.ee\/en\/floor-insulation\/\" \/>\n<meta property=\"og:site_name\" content=\"Reideni Plaat AS\" \/>\n<meta property=\"article:modified_time\" content=\"2018-06-06T07:26:11+00:00\" \/>\n<meta name=\"twitter:card\" content=\"summary_large_image\" \/>\n<meta name=\"twitter:label1\" content=\"Est. reading time\" \/>\n\t<meta name=\"twitter:data1\" content=\"1 minute\" \/>\n<script type=\"application\/ld+json\" class=\"yoast-schema-graph\">{\"@context\":\"https:\/\/schema.org\",\"@graph\":[{\"@type\":\"WebPage\",\"@id\":\"https:\/\/reideniplaat.ee\/en\/floor-insulation\/\",\"url\":\"https:\/\/reideniplaat.ee\/en\/floor-insulation\/\",\"name\":\"Floor insulation - Reideni Plaat AS\",\"isPartOf\":{\"@id\":\"https:\/\/reideniplaat.ee\/#website\"},\"datePublished\":\"2018-02-07T12:29:12+00:00\",\"dateModified\":\"2018-06-06T07:26:11+00:00\",\"description\":\"T\u00e4nu v\u00e4ga heale soojusisolatsiooniv\u00f5imele, suurele koormustaluvusele ja niiskuskindlusele kasutatakse EPS-tooteid laialdaselt erinevates betoonp\u00f5randakonstruktsioonides. EPS-plaadid v\u00f5ib paigaldada otse pinnasele ja nad ei vaja kaitset niiskuse vastu.\",\"breadcrumb\":{\"@id\":\"https:\/\/reideniplaat.ee\/en\/floor-insulation\/#breadcrumb\"},\"inLanguage\":\"en-US\",\"potentialAction\":[{\"@type\":\"ReadAction\",\"target\":[\"https:\/\/reideniplaat.ee\/en\/floor-insulation\/\"]}]},{\"@type\":\"BreadcrumbList\",\"@id\":\"https:\/\/reideniplaat.ee\/en\/floor-insulation\/#breadcrumb\",\"itemListElement\":[{\"@type\":\"ListItem\",\"position\":1,\"name\":\"Home\",\"item\":\"https:\/\/reideniplaat.ee\/en\/\"},{\"@type\":\"ListItem\",\"position\":2,\"name\":\"Floor insulation\"}]},{\"@type\":\"WebSite\",\"@id\":\"https:\/\/reideniplaat.ee\/#website\",\"url\":\"https:\/\/reideniplaat.ee\/\",\"name\":\"Reideni Plaat AS\",\"description\":\"\",\"potentialAction\":[{\"@type\":\"SearchAction\",\"target\":{\"@type\":\"EntryPoint\",\"urlTemplate\":\"https:\/\/reideniplaat.ee\/?s={search_term_string}\"},\"query-input\":{\"@type\":\"PropertyValueSpecification\",\"valueRequired\":true,\"valueName\":\"search_term_string\"}}],\"inLanguage\":\"en-US\"}]}<\/script>\n<!-- \/ Yoast SEO plugin. -->","yoast_head_json":{"title":"Floor insulation - Reideni Plaat AS","description":"T\u00e4nu v\u00e4ga heale soojusisolatsiooniv\u00f5imele, suurele koormustaluvusele ja niiskuskindlusele kasutatakse EPS-tooteid laialdaselt erinevates betoonp\u00f5randakonstruktsioonides. EPS-plaadid v\u00f5ib paigaldada otse pinnasele ja nad ei vaja kaitset niiskuse vastu.","robots":{"index":"index","follow":"follow","max-snippet":"max-snippet:-1","max-image-preview":"max-image-preview:large","max-video-preview":"max-video-preview:-1"},"canonical":"https:\/\/reideniplaat.ee\/en\/floor-insulation\/","og_locale":"en_US","og_type":"article","og_title":"Floor insulation - Reideni Plaat AS","og_description":"T\u00e4nu v\u00e4ga heale soojusisolatsiooniv\u00f5imele, suurele koormustaluvusele ja niiskuskindlusele kasutatakse EPS-tooteid laialdaselt erinevates betoonp\u00f5randakonstruktsioonides. EPS-plaadid v\u00f5ib paigaldada otse pinnasele ja nad ei vaja kaitset niiskuse vastu.","og_url":"https:\/\/reideniplaat.ee\/en\/floor-insulation\/","og_site_name":"Reideni Plaat AS","article_modified_time":"2018-06-06T07:26:11+00:00","twitter_card":"summary_large_image","twitter_misc":{"Est. reading time":"1 minute"},"schema":{"@context":"https:\/\/schema.org","@graph":[{"@type":"WebPage","@id":"https:\/\/reideniplaat.ee\/en\/floor-insulation\/","url":"https:\/\/reideniplaat.ee\/en\/floor-insulation\/","name":"Floor insulation - Reideni Plaat AS","isPartOf":{"@id":"https:\/\/reideniplaat.ee\/#website"},"datePublished":"2018-02-07T12:29:12+00:00","dateModified":"2018-06-06T07:26:11+00:00","description":"T\u00e4nu v\u00e4ga heale soojusisolatsiooniv\u00f5imele, suurele koormustaluvusele ja niiskuskindlusele kasutatakse EPS-tooteid laialdaselt erinevates betoonp\u00f5randakonstruktsioonides. EPS-plaadid v\u00f5ib paigaldada otse pinnasele ja nad ei vaja kaitset niiskuse vastu.","breadcrumb":{"@id":"https:\/\/reideniplaat.ee\/en\/floor-insulation\/#breadcrumb"},"inLanguage":"en-US","potentialAction":[{"@type":"ReadAction","target":["https:\/\/reideniplaat.ee\/en\/floor-insulation\/"]}]},{"@type":"BreadcrumbList","@id":"https:\/\/reideniplaat.ee\/en\/floor-insulation\/#breadcrumb","itemListElement":[{"@type":"ListItem","position":1,"name":"Home","item":"https:\/\/reideniplaat.ee\/en\/"},{"@type":"ListItem","position":2,"name":"Floor insulation"}]},{"@type":"WebSite","@id":"https:\/\/reideniplaat.ee\/#website","url":"https:\/\/reideniplaat.ee\/","name":"Reideni Plaat AS","description":"","potentialAction":[{"@type":"SearchAction","target":{"@type":"EntryPoint","urlTemplate":"https:\/\/reideniplaat.ee\/?s={search_term_string}"},"query-input":{"@type":"PropertyValueSpecification","valueRequired":true,"valueName":"search_term_string"}}],"inLanguage":"en-US"}]}},"_links":{"self":[{"href":"https:\/\/reideniplaat.ee\/en\/wp-json\/wp\/v2\/pages\/855","targetHints":{"allow":["GET"]}}],"collection":[{"href":"https:\/\/reideniplaat.ee\/en\/wp-json\/wp\/v2\/pages"}],"about":[{"href":"https:\/\/reideniplaat.ee\/en\/wp-json\/wp\/v2\/types\/page"}],"author":[{"embeddable":true,"href":"https:\/\/reideniplaat.ee\/en\/wp-json\/wp\/v2\/users\/1"}],"replies":[{"embeddable":true,"href":"https:\/\/reideniplaat.ee\/en\/wp-json\/wp\/v2\/comments?post=855"}],"version-history":[{"count":2,"href":"https:\/\/reideniplaat.ee\/en\/wp-json\/wp\/v2\/pages\/855\/revisions"}],"predecessor-version":[{"id":857,"href":"https:\/\/reideniplaat.ee\/en\/wp-json\/wp\/v2\/pages\/855\/revisions\/857"}],"wp:attachment":[{"href":"https:\/\/reideniplaat.ee\/en\/wp-json\/wp\/v2\/media?parent=855"}],"curies":[{"name":"wp","href":"https:\/\/api.w.org\/{rel}","templated":true}]}}