{"id":861,"date":"2018-02-03T12:38:45","date_gmt":"2018-02-03T10:38:45","guid":{"rendered":"https:\/\/reideniplaat.ee\/hinnaparing\/"},"modified":"2020-08-25T13:57:50","modified_gmt":"2020-08-25T11:57:50","slug":"price-enquiry","status":"publish","type":"page","link":"https:\/\/reideniplaat.ee\/en\/price-enquiry\/","title":{"rendered":"Price enquiry"},"content":{"rendered":"<p>Choose required <a href=\"https:\/\/reideniplaat.ee\/en\/products\/\">products<\/a> in regard to which you would like to make a price enquiry and add them in the price enquiry basket. An enquiry may also be sent in a free format without adding price enquiries in the basket.<\/p>\n\n<div class=\"woocommerce ywraq-wrapper ywraq-empty ywraq-with-form\">\n\t\t\t<div id=\"yith-ywraq-message\"><div class=\"ywraq-question-message\">\n\t<\/div>\n<\/div>\n\t\t\n\t\t\t\t<div class=\"ywraq-form-table-wrapper vertical\">\n\t\t\t<div class=\"ywraq-before-form\">\n\t<p class=\"ywraq_list_empty_message\">Your list is empty, add products to the list to send a request<p><p class=\"return-to-shop\"><a class=\"button wc-backward\" href=\"https:\/\/reideniplaat.ee\/pood\/\">Return to Shop<\/a><\/p><\/div>\n\t\t\t\t\t\t\t\t\t\t\t\t\n<div class=\"wpcf7 no-js\" id=\"wpcf7-f898-o1\" lang=\"et\" dir=\"ltr\" data-wpcf7-id=\"898\">\n<div class=\"screen-reader-response\"><p role=\"status\" aria-live=\"polite\" aria-atomic=\"true\"><\/p> <ul><\/ul><\/div>\n<form action=\"\/en\/wp-json\/wp\/v2\/pages\/861#wpcf7-f898-o1\" method=\"post\" class=\"wpcf7-form init\" aria-label=\"Contact form\" enctype=\"multipart\/form-data\" novalidate=\"novalidate\" data-status=\"init\">\n<fieldset class=\"hidden-fields-container\"><input type=\"hidden\" name=\"_wpcf7\" value=\"898\" \/><input type=\"hidden\" name=\"_wpcf7_version\" value=\"6.1.3\" \/><input type=\"hidden\" name=\"_wpcf7_locale\" value=\"et\" \/><input type=\"hidden\" name=\"_wpcf7_unit_tag\" value=\"wpcf7-f898-o1\" \/><input type=\"hidden\" name=\"_wpcf7_container_post\" value=\"0\" \/><input type=\"hidden\" name=\"_wpcf7_posted_data_hash\" value=\"\" \/>\n<\/fieldset>\n<div class=\"wpcf7-turnstile cf-turnstile\" data-sitekey=\"0x4AAAAAAB5Bxr7Bv3v5Gw-X\" data-response-field-name=\"_wpcf7_turnstile_response\"><\/div>\n\n<div class=\"column one-second\">\n\t<p><span class=\"wpcf7-form-control-wrap\" data-name=\"kontaktisik\"><input size=\"40\" maxlength=\"400\" class=\"wpcf7-form-control wpcf7-text wpcf7-validates-as-required\" aria-required=\"true\" aria-invalid=\"false\" placeholder=\"Your name *\" value=\"\" type=\"text\" name=\"kontaktisik\" \/><\/span>\n\t<\/p>\n<\/div>\n<div class=\"column one-second\">\n\t<p><span class=\"wpcf7-form-control-wrap\" data-name=\"email\"><input size=\"40\" maxlength=\"400\" class=\"wpcf7-form-control wpcf7-email wpcf7-validates-as-required wpcf7-text wpcf7-validates-as-email\" aria-required=\"true\" aria-invalid=\"false\" placeholder=\"Your email *\" value=\"\" type=\"email\" name=\"email\" \/><\/span>\n\t<\/p>\n<\/div>\n<div class=\"column one\">\n\t<p><span class=\"wpcf7-form-control-wrap\" data-name=\"telefon\"><input size=\"40\" maxlength=\"400\" class=\"wpcf7-form-control wpcf7-text wpcf7-validates-as-required\" aria-required=\"true\" aria-invalid=\"false\" placeholder=\"Your phone *\" value=\"\" type=\"text\" name=\"telefon\" \/><\/span>\n\t<\/p>\n<\/div>\n<div class=\"column one\">\n\t<p><span class=\"wpcf7-form-control-wrap\" data-name=\"info\"><textarea cols=\"40\" rows=\"3\" maxlength=\"2000\" class=\"wpcf7-form-control wpcf7-textarea\" aria-invalid=\"false\" placeholder=\"Additional information or enquiry\" name=\"info\"><\/textarea><\/span>\n\t<\/p>\n<\/div>\n<div class=\"column one-fourth\">\n\t<p>Add file if needed:\n\t<\/p>\n<\/div>\n<div class=\"column three-fourth\">\n\t<p><span class=\"wpcf7-form-control-wrap\" data-name=\"fail\"><input size=\"40\" class=\"wpcf7-form-control wpcf7-file\" accept=\".jpg,.jpeg.png,.pdf,.dwg\" aria-invalid=\"false\" type=\"file\" name=\"fail\" \/><\/span>\n\t<\/p>\n<\/div>\n<div class=\"column one\">\n\t<p><input class=\"wpcf7-form-control wpcf7-submit has-spinner\" type=\"submit\" value=\"Send\" \/>\n\t<\/p>\n<\/div><div class=\"wpcf7-response-output\" aria-hidden=\"true\"><\/div>\n<\/form>\n<\/div>\n\t\t\t\t\t\t\t\t\t\t\t\t\t\t<\/div>\n\t<\/div>\n\n<p>&nbsp;<\/p>\n","protected":false},"excerpt":{"rendered":"<p>Choose required products in regard to which you would like to make a price enquiry and add them in the price enquiry basket. An enquiry may<span class=\"excerpt-hellip\"> [\u2026]<\/span><\/p>\n","protected":false},"author":1,"featured_media":0,"parent":0,"menu_order":0,"comment_status":"closed","ping_status":"closed","template":"","meta":{"_acf_changed":false,"footnotes":""},"class_list":["post-861","page","type-page","status-publish","hentry"],"acf":[],"yoast_head":"<!-- This site is optimized with the Yoast SEO plugin v25.0 - https:\/\/yoast.com\/wordpress\/plugins\/seo\/ -->\n<title>Price enquiry - Reideni Plaat AS<\/title>\n<meta name=\"description\" content=\"Valige soovitud tooted, mille osas soovite hinnap\u00e4ringu teha ja lisage need hinnap\u00e4ringu korvi. Soovi korral v\u00f5ib p\u00e4ringu saata ka vabas vormis, tooteid hinnap\u00e4ringu korvi lisamata.\" \/>\n<meta name=\"robots\" content=\"index, follow, max-snippet:-1, max-image-preview:large, max-video-preview:-1\" \/>\n<link rel=\"canonical\" href=\"https:\/\/reideniplaat.ee\/en\/price-enquiry\/\" \/>\n<meta property=\"og:locale\" content=\"en_US\" \/>\n<meta property=\"og:type\" content=\"article\" \/>\n<meta property=\"og:title\" content=\"Price enquiry - Reideni Plaat AS\" \/>\n<meta property=\"og:description\" content=\"Valige soovitud tooted, mille osas soovite hinnap\u00e4ringu teha ja lisage need hinnap\u00e4ringu korvi. Soovi korral v\u00f5ib p\u00e4ringu saata ka vabas vormis, tooteid hinnap\u00e4ringu korvi lisamata.\" \/>\n<meta property=\"og:url\" content=\"https:\/\/reideniplaat.ee\/en\/price-enquiry\/\" \/>\n<meta property=\"og:site_name\" content=\"Reideni Plaat AS\" \/>\n<meta property=\"article:modified_time\" content=\"2020-08-25T11:57:50+00:00\" \/>\n<meta name=\"twitter:card\" content=\"summary_large_image\" \/>\n<script type=\"application\/ld+json\" class=\"yoast-schema-graph\">{\"@context\":\"https:\/\/schema.org\",\"@graph\":[{\"@type\":\"WebPage\",\"@id\":\"https:\/\/reideniplaat.ee\/en\/price-enquiry\/\",\"url\":\"https:\/\/reideniplaat.ee\/en\/price-enquiry\/\",\"name\":\"Price enquiry - Reideni Plaat AS\",\"isPartOf\":{\"@id\":\"https:\/\/reideniplaat.ee\/#website\"},\"datePublished\":\"2018-02-03T10:38:45+00:00\",\"dateModified\":\"2020-08-25T11:57:50+00:00\",\"description\":\"Valige soovitud tooted, mille osas soovite hinnap\u00e4ringu teha ja lisage need hinnap\u00e4ringu korvi. Soovi korral v\u00f5ib p\u00e4ringu saata ka vabas vormis, tooteid hinnap\u00e4ringu korvi lisamata.\",\"breadcrumb\":{\"@id\":\"https:\/\/reideniplaat.ee\/en\/price-enquiry\/#breadcrumb\"},\"inLanguage\":\"en-US\",\"potentialAction\":[{\"@type\":\"ReadAction\",\"target\":[\"https:\/\/reideniplaat.ee\/en\/price-enquiry\/\"]}]},{\"@type\":\"BreadcrumbList\",\"@id\":\"https:\/\/reideniplaat.ee\/en\/price-enquiry\/#breadcrumb\",\"itemListElement\":[{\"@type\":\"ListItem\",\"position\":1,\"name\":\"Home\",\"item\":\"https:\/\/reideniplaat.ee\/en\/\"},{\"@type\":\"ListItem\",\"position\":2,\"name\":\"Price enquiry\"}]},{\"@type\":\"WebSite\",\"@id\":\"https:\/\/reideniplaat.ee\/#website\",\"url\":\"https:\/\/reideniplaat.ee\/\",\"name\":\"Reideni Plaat AS\",\"description\":\"\",\"potentialAction\":[{\"@type\":\"SearchAction\",\"target\":{\"@type\":\"EntryPoint\",\"urlTemplate\":\"https:\/\/reideniplaat.ee\/?s={search_term_string}\"},\"query-input\":{\"@type\":\"PropertyValueSpecification\",\"valueRequired\":true,\"valueName\":\"search_term_string\"}}],\"inLanguage\":\"en-US\"}]}<\/script>\n<!-- \/ Yoast SEO plugin. -->","yoast_head_json":{"title":"Price enquiry - Reideni Plaat AS","description":"Valige soovitud tooted, mille osas soovite hinnap\u00e4ringu teha ja lisage need hinnap\u00e4ringu korvi. Soovi korral v\u00f5ib p\u00e4ringu saata ka vabas vormis, tooteid hinnap\u00e4ringu korvi lisamata.","robots":{"index":"index","follow":"follow","max-snippet":"max-snippet:-1","max-image-preview":"max-image-preview:large","max-video-preview":"max-video-preview:-1"},"canonical":"https:\/\/reideniplaat.ee\/en\/price-enquiry\/","og_locale":"en_US","og_type":"article","og_title":"Price enquiry - Reideni Plaat AS","og_description":"Valige soovitud tooted, mille osas soovite hinnap\u00e4ringu teha ja lisage need hinnap\u00e4ringu korvi. Soovi korral v\u00f5ib p\u00e4ringu saata ka vabas vormis, tooteid hinnap\u00e4ringu korvi lisamata.","og_url":"https:\/\/reideniplaat.ee\/en\/price-enquiry\/","og_site_name":"Reideni Plaat AS","article_modified_time":"2020-08-25T11:57:50+00:00","twitter_card":"summary_large_image","schema":{"@context":"https:\/\/schema.org","@graph":[{"@type":"WebPage","@id":"https:\/\/reideniplaat.ee\/en\/price-enquiry\/","url":"https:\/\/reideniplaat.ee\/en\/price-enquiry\/","name":"Price enquiry - Reideni Plaat AS","isPartOf":{"@id":"https:\/\/reideniplaat.ee\/#website"},"datePublished":"2018-02-03T10:38:45+00:00","dateModified":"2020-08-25T11:57:50+00:00","description":"Valige soovitud tooted, mille osas soovite hinnap\u00e4ringu teha ja lisage need hinnap\u00e4ringu korvi. Soovi korral v\u00f5ib p\u00e4ringu saata ka vabas vormis, tooteid hinnap\u00e4ringu korvi lisamata.","breadcrumb":{"@id":"https:\/\/reideniplaat.ee\/en\/price-enquiry\/#breadcrumb"},"inLanguage":"en-US","potentialAction":[{"@type":"ReadAction","target":["https:\/\/reideniplaat.ee\/en\/price-enquiry\/"]}]},{"@type":"BreadcrumbList","@id":"https:\/\/reideniplaat.ee\/en\/price-enquiry\/#breadcrumb","itemListElement":[{"@type":"ListItem","position":1,"name":"Home","item":"https:\/\/reideniplaat.ee\/en\/"},{"@type":"ListItem","position":2,"name":"Price enquiry"}]},{"@type":"WebSite","@id":"https:\/\/reideniplaat.ee\/#website","url":"https:\/\/reideniplaat.ee\/","name":"Reideni Plaat AS","description":"","potentialAction":[{"@type":"SearchAction","target":{"@type":"EntryPoint","urlTemplate":"https:\/\/reideniplaat.ee\/?s={search_term_string}"},"query-input":{"@type":"PropertyValueSpecification","valueRequired":true,"valueName":"search_term_string"}}],"inLanguage":"en-US"}]}},"_links":{"self":[{"href":"https:\/\/reideniplaat.ee\/en\/wp-json\/wp\/v2\/pages\/861","targetHints":{"allow":["GET"]}}],"collection":[{"href":"https:\/\/reideniplaat.ee\/en\/wp-json\/wp\/v2\/pages"}],"about":[{"href":"https:\/\/reideniplaat.ee\/en\/wp-json\/wp\/v2\/types\/page"}],"author":[{"embeddable":true,"href":"https:\/\/reideniplaat.ee\/en\/wp-json\/wp\/v2\/users\/1"}],"replies":[{"embeddable":true,"href":"https:\/\/reideniplaat.ee\/en\/wp-json\/wp\/v2\/comments?post=861"}],"version-history":[{"count":4,"href":"https:\/\/reideniplaat.ee\/en\/wp-json\/wp\/v2\/pages\/861\/revisions"}],"predecessor-version":[{"id":1759,"href":"https:\/\/reideniplaat.ee\/en\/wp-json\/wp\/v2\/pages\/861\/revisions\/1759"}],"wp:attachment":[{"href":"https:\/\/reideniplaat.ee\/en\/wp-json\/wp\/v2\/media?parent=861"}],"curies":[{"name":"wp","href":"https:\/\/api.w.org\/{rel}","templated":true}]}}