{"id":1404,"date":"2018-02-16T17:35:57","date_gmt":"2018-02-16T15:35:57","guid":{"rendered":"https:\/\/reideniplaat.ee\/meist\/"},"modified":"2024-05-13T14:58:25","modified_gmt":"2024-05-13T12:58:25","slug":"o-nas","status":"publish","type":"page","link":"https:\/\/reideniplaat.ee\/ru\/o-nas\/","title":{"rendered":"\u041e \u043d\u0430\u0441"},"content":{"rendered":"<div class=\"column one-second mobile-one\"><div class=\"mcb-column-inner\"><\/p>\n<p>\u041f\u0440\u0435\u0434\u043f\u0440\u0438\u044f\u0442\u0438\u0435 AS Reideni plaat \u0432\u0445\u043e\u0434\u0438\u0442 \u0432 \u043a\u043e\u043d\u0446\u0435\u0440\u043d AS Reiden, \u0434\u0435\u0439\u0441\u0442\u0432\u0443\u044e\u0449\u0438\u0439 \u043f\u043e\u043b\u043d\u043e\u0441\u0442\u044c\u044e \u043d\u0430 \u044d\u0441\u0442\u043e\u043d\u0441\u043a\u043e\u043c \u043a\u0430\u043f\u0438\u0442\u0430\u043b\u0435. \u0412 \u043d\u0430\u0441\u0442\u043e\u044f\u0449\u0438\u0439 \u043c\u043e\u043c\u0435\u043d\u0442 \u043d\u0430 \u043f\u0440\u0435\u0434\u043f\u0440\u0438\u044f\u0442\u0438\u0438 \u0437\u0430\u043d\u044f\u0442\u043e \u0431\u043e\u043b\u0435\u0435 30 \u043a\u0432\u0430\u043b\u0438\u0444\u0438\u0446\u0438\u0440\u043e\u0432\u0430\u043d\u043d\u044b\u0445 \u0440\u0430\u0431\u043e\u0442\u043d\u0438\u043a\u043e\u0432 \u0441 \u043c\u043d\u043e\u0433\u043e\u043b\u0435\u0442\u043d\u0438\u043c \u043e\u043f\u044b\u0442\u043e\u043c.<\/p>\n<p><strong>\u041d\u0430\u0448\u0430 \u043e\u0441\u043d\u043e\u0432\u043d\u0430\u044f \u043f\u0440\u043e\u0434\u0443\u043a\u0446\u0438\u044f:<\/strong><\/p>\n<ul>\n<li>\u0423\u0442\u0435\u043f\u043b\u0438\u0442\u0435\u043b\u044c\u043d\u044b\u0435 \u043f\u043b\u0438\u0442\u044b \u0438\u0437 EPS<\/li>\n<li>\u0424\u043e\u0440\u043c\u043e\u0432\u043e\u0447\u043d\u044b\u0435 \u0438\u0437\u0434\u0435\u043b\u0438\u044f \u0438\u0437 EPS<\/li>\n<li>\u0418\u0437\u0434\u0435\u043b\u0438\u044f \u043e\u0441\u043e\u0431\u043e\u0439 \u0444\u043e\u0440\u043c\u044b \u0438\u0437 EPS<\/li>\n<\/ul>\n<p><\/div><\/div>\n\n<div class=\"column one-second mobile-one\"><div class=\"mcb-column-inner\"><\/p>\n<h2>\u041d\u0410\u0428\u0418 \u041f\u0420\u0415\u0418\u041c\u0423\u0429\u0415\u0421\u0422\u0412\u0410<\/h2>\n<ul>\n<li>Reideni plaat AS \u0438\u043c\u0435\u0435\u0442 \u0441\u0430\u043c\u044b\u0439 \u043c\u043d\u043e\u0433\u043e\u043b\u0435\u0442\u043d\u0438\u0439 \u043e\u043f\u044b\u0442 \u043f\u0440\u043e\u0438\u0437\u0432\u043e\u0434\u0441\u0442\u0432\u0430 EPS-\u0442\u0435\u043f\u043b\u043e\u0438\u0437\u043e\u043b\u044f\u0446\u0438\u0438 \u0432 \u042d\u0441\u0442\u043e\u043d\u0438\u0438<\/li>\n<li>\u0432\u0441\u0435 \u043d\u0430\u0448\u0438 \u0438\u0437\u0434\u0435\u043b\u0438\u044f \u0441\u043e\u043e\u0442\u0432\u0435\u0442\u0441\u0442\u0432\u0443\u044e\u0442 \u0442\u0440\u0435\u0431\u043e\u0432\u0430\u043d\u0438\u044f\u043c \u0441\u0442\u0430\u043d\u0434\u0430\u0440\u0442\u0430 EVS-EN 13163 \u0438 \u043f\u0440\u043e\u0448\u043b\u0438 \u0438\u0441\u043f\u044b\u0442\u0430\u043d\u0438\u044f \u0432 \u043b\u0430\u0431\u043e\u0440\u0430\u0442\u043e\u0440\u0438\u044f\u0445 \u0424\u0438\u043d\u0441\u043a\u043e\u0433\u043e \u0446\u0435\u043d\u0442\u0440\u0430 \u0442\u0435\u0445\u043d\u0438\u0447\u0435\u0441\u043a\u0438\u0445 \u0438\u0441\u0441\u043b\u0435\u0434\u043e\u0432\u0430\u043d\u0438\u0439 VTT<\/li>\n<li>\u043c\u044b \u0435\u0434\u0438\u043d\u0441\u0442\u0432\u0435\u043d\u043d\u044b\u0439 \u043f\u0440\u043e\u0438\u0437\u0432\u043e\u0434\u0438\u0442\u0435\u043b\u044c, \u043a\u043e\u0442\u043e\u0440\u044b\u0439 \u043f\u043e\u0441\u0442\u0430\u0432\u043b\u044f\u0435\u0442 \u0438 \u043a\u0440\u0443\u043f\u043d\u043e\u0433\u0430\u0431\u0430\u0440\u0438\u0442\u043d\u044b\u0435 EPS-\u043f\u043b\u0438\u0442\u044b<\/li>\n<li>\u043c\u044b \u0435\u0434\u0438\u043d\u0441\u0442\u0432\u0435\u043d\u043d\u044b\u0439 \u0432 \u042d\u0441\u0442\u043e\u043d\u0438\u0438 \u043f\u0440\u043e\u0438\u0437\u0432\u043e\u0434\u0438\u0442\u0435\u043b\u044c EPS, \u043a\u043e\u0442\u043e\u0440\u044b\u0439 \u043f\u0440\u0435\u0434\u043b\u0430\u0433\u0430\u0435\u0442 \u0438 \u0441\u0430\u043c\u044b\u0435 \u0441\u043b\u043e\u0436\u043d\u044b\u0435 EPS-\u0440\u0435\u0448\u0435\u043d\u0438\u044f<\/li>\n<\/ul>\n<p><\/div><\/div>\n\n","protected":false},"excerpt":{"rendered":"","protected":false},"author":1,"featured_media":0,"parent":0,"menu_order":0,"comment_status":"closed","ping_status":"closed","template":"about-us.php","meta":{"_acf_changed":false,"footnotes":""},"class_list":["post-1404","page","type-page","status-publish","hentry"],"acf":[],"yoast_head":"<!-- This site is optimized with the Yoast SEO plugin v25.0 - https:\/\/yoast.com\/wordpress\/plugins\/seo\/ -->\n<title>\u041e \u043d\u0430\u0441 - Reideni Plaat AS<\/title>\n<meta name=\"description\" content=\"AS Reideni Plaat on AS Reiden kontserni kuuluv ettev\u00f5te, mis p\u00f5hineb t\u00e4ielikult eesti kapitalil. K\u00e4esoleval hetkel t\u00f6\u00f6tab ettev\u00f5ttes \u00fcle 30 pikaajalise t\u00f6\u00f6kogemusega kvalifitseeritud t\u00f6\u00f6tajat. Meie p\u00f5hitoodanguks on EPS-soojustusplaadid, EPS vormitooted ja EPS-ist valmistatud erikujulised tooted.\" \/>\n<meta name=\"robots\" content=\"index, follow, max-snippet:-1, max-image-preview:large, max-video-preview:-1\" \/>\n<link rel=\"canonical\" href=\"https:\/\/reideniplaat.ee\/meist\/\" \/>\n<meta property=\"og:locale\" content=\"ru_RU\" \/>\n<meta property=\"og:type\" content=\"article\" \/>\n<meta property=\"og:title\" content=\"\u041e \u043d\u0430\u0441 - Reideni Plaat AS\" \/>\n<meta property=\"og:description\" content=\"AS Reideni Plaat on AS Reiden kontserni kuuluv ettev\u00f5te, mis p\u00f5hineb t\u00e4ielikult eesti kapitalil. K\u00e4esoleval hetkel t\u00f6\u00f6tab ettev\u00f5ttes \u00fcle 30 pikaajalise t\u00f6\u00f6kogemusega kvalifitseeritud t\u00f6\u00f6tajat. Meie p\u00f5hitoodanguks on EPS-soojustusplaadid, EPS vormitooted ja EPS-ist valmistatud erikujulised tooted.\" \/>\n<meta property=\"og:url\" content=\"https:\/\/reideniplaat.ee\/meist\/\" \/>\n<meta property=\"og:site_name\" content=\"Reideni Plaat AS\" \/>\n<meta property=\"article:modified_time\" content=\"2024-05-13T12:58:25+00:00\" \/>\n<meta name=\"twitter:card\" content=\"summary_large_image\" \/>\n<script type=\"application\/ld+json\" class=\"yoast-schema-graph\">{\"@context\":\"https:\/\/schema.org\",\"@graph\":[{\"@type\":\"WebPage\",\"@id\":\"https:\/\/reideniplaat.ee\/meist\/\",\"url\":\"https:\/\/reideniplaat.ee\/meist\/\",\"name\":\"\u041e \u043d\u0430\u0441 - Reideni Plaat AS\",\"isPartOf\":{\"@id\":\"https:\/\/reideniplaat.ee\/#website\"},\"datePublished\":\"2018-02-16T15:35:57+00:00\",\"dateModified\":\"2024-05-13T12:58:25+00:00\",\"description\":\"AS Reideni Plaat on AS Reiden kontserni kuuluv ettev\u00f5te, mis p\u00f5hineb t\u00e4ielikult eesti kapitalil. K\u00e4esoleval hetkel t\u00f6\u00f6tab ettev\u00f5ttes \u00fcle 30 pikaajalise t\u00f6\u00f6kogemusega kvalifitseeritud t\u00f6\u00f6tajat. Meie p\u00f5hitoodanguks on EPS-soojustusplaadid, EPS vormitooted ja EPS-ist valmistatud erikujulised tooted.\",\"breadcrumb\":{\"@id\":\"https:\/\/reideniplaat.ee\/meist\/#breadcrumb\"},\"inLanguage\":\"ru-RU\",\"potentialAction\":[{\"@type\":\"ReadAction\",\"target\":[\"https:\/\/reideniplaat.ee\/meist\/\"]}]},{\"@type\":\"BreadcrumbList\",\"@id\":\"https:\/\/reideniplaat.ee\/meist\/#breadcrumb\",\"itemListElement\":[{\"@type\":\"ListItem\",\"position\":1,\"name\":\"Home\",\"item\":\"https:\/\/reideniplaat.ee\/ru\/\"},{\"@type\":\"ListItem\",\"position\":2,\"name\":\"\u041e \u043d\u0430\u0441\"}]},{\"@type\":\"WebSite\",\"@id\":\"https:\/\/reideniplaat.ee\/#website\",\"url\":\"https:\/\/reideniplaat.ee\/\",\"name\":\"Reideni Plaat AS\",\"description\":\"\",\"potentialAction\":[{\"@type\":\"SearchAction\",\"target\":{\"@type\":\"EntryPoint\",\"urlTemplate\":\"https:\/\/reideniplaat.ee\/?s={search_term_string}\"},\"query-input\":{\"@type\":\"PropertyValueSpecification\",\"valueRequired\":true,\"valueName\":\"search_term_string\"}}],\"inLanguage\":\"ru-RU\"}]}<\/script>\n<!-- \/ Yoast SEO plugin. -->","yoast_head_json":{"title":"\u041e \u043d\u0430\u0441 - Reideni Plaat AS","description":"AS Reideni Plaat on AS Reiden kontserni kuuluv ettev\u00f5te, mis p\u00f5hineb t\u00e4ielikult eesti kapitalil. K\u00e4esoleval hetkel t\u00f6\u00f6tab ettev\u00f5ttes \u00fcle 30 pikaajalise t\u00f6\u00f6kogemusega kvalifitseeritud t\u00f6\u00f6tajat. Meie p\u00f5hitoodanguks on EPS-soojustusplaadid, EPS vormitooted ja EPS-ist valmistatud erikujulised tooted.","robots":{"index":"index","follow":"follow","max-snippet":"max-snippet:-1","max-image-preview":"max-image-preview:large","max-video-preview":"max-video-preview:-1"},"canonical":"https:\/\/reideniplaat.ee\/meist\/","og_locale":"ru_RU","og_type":"article","og_title":"\u041e \u043d\u0430\u0441 - Reideni Plaat AS","og_description":"AS Reideni Plaat on AS Reiden kontserni kuuluv ettev\u00f5te, mis p\u00f5hineb t\u00e4ielikult eesti kapitalil. K\u00e4esoleval hetkel t\u00f6\u00f6tab ettev\u00f5ttes \u00fcle 30 pikaajalise t\u00f6\u00f6kogemusega kvalifitseeritud t\u00f6\u00f6tajat. Meie p\u00f5hitoodanguks on EPS-soojustusplaadid, EPS vormitooted ja EPS-ist valmistatud erikujulised tooted.","og_url":"https:\/\/reideniplaat.ee\/meist\/","og_site_name":"Reideni Plaat AS","article_modified_time":"2024-05-13T12:58:25+00:00","twitter_card":"summary_large_image","schema":{"@context":"https:\/\/schema.org","@graph":[{"@type":"WebPage","@id":"https:\/\/reideniplaat.ee\/meist\/","url":"https:\/\/reideniplaat.ee\/meist\/","name":"\u041e \u043d\u0430\u0441 - Reideni Plaat AS","isPartOf":{"@id":"https:\/\/reideniplaat.ee\/#website"},"datePublished":"2018-02-16T15:35:57+00:00","dateModified":"2024-05-13T12:58:25+00:00","description":"AS Reideni Plaat on AS Reiden kontserni kuuluv ettev\u00f5te, mis p\u00f5hineb t\u00e4ielikult eesti kapitalil. K\u00e4esoleval hetkel t\u00f6\u00f6tab ettev\u00f5ttes \u00fcle 30 pikaajalise t\u00f6\u00f6kogemusega kvalifitseeritud t\u00f6\u00f6tajat. Meie p\u00f5hitoodanguks on EPS-soojustusplaadid, EPS vormitooted ja EPS-ist valmistatud erikujulised tooted.","breadcrumb":{"@id":"https:\/\/reideniplaat.ee\/meist\/#breadcrumb"},"inLanguage":"ru-RU","potentialAction":[{"@type":"ReadAction","target":["https:\/\/reideniplaat.ee\/meist\/"]}]},{"@type":"BreadcrumbList","@id":"https:\/\/reideniplaat.ee\/meist\/#breadcrumb","itemListElement":[{"@type":"ListItem","position":1,"name":"Home","item":"https:\/\/reideniplaat.ee\/ru\/"},{"@type":"ListItem","position":2,"name":"\u041e \u043d\u0430\u0441"}]},{"@type":"WebSite","@id":"https:\/\/reideniplaat.ee\/#website","url":"https:\/\/reideniplaat.ee\/","name":"Reideni Plaat AS","description":"","potentialAction":[{"@type":"SearchAction","target":{"@type":"EntryPoint","urlTemplate":"https:\/\/reideniplaat.ee\/?s={search_term_string}"},"query-input":{"@type":"PropertyValueSpecification","valueRequired":true,"valueName":"search_term_string"}}],"inLanguage":"ru-RU"}]}},"_links":{"self":[{"href":"https:\/\/reideniplaat.ee\/ru\/wp-json\/wp\/v2\/pages\/1404","targetHints":{"allow":["GET"]}}],"collection":[{"href":"https:\/\/reideniplaat.ee\/ru\/wp-json\/wp\/v2\/pages"}],"about":[{"href":"https:\/\/reideniplaat.ee\/ru\/wp-json\/wp\/v2\/types\/page"}],"author":[{"embeddable":true,"href":"https:\/\/reideniplaat.ee\/ru\/wp-json\/wp\/v2\/users\/1"}],"replies":[{"embeddable":true,"href":"https:\/\/reideniplaat.ee\/ru\/wp-json\/wp\/v2\/comments?post=1404"}],"version-history":[{"count":3,"href":"https:\/\/reideniplaat.ee\/ru\/wp-json\/wp\/v2\/pages\/1404\/revisions"}],"predecessor-version":[{"id":1414,"href":"https:\/\/reideniplaat.ee\/ru\/wp-json\/wp\/v2\/pages\/1404\/revisions\/1414"}],"wp:attachment":[{"href":"https:\/\/reideniplaat.ee\/ru\/wp-json\/wp\/v2\/media?parent=1404"}],"curies":[{"name":"wp","href":"https:\/\/api.w.org\/{rel}","templated":true}]}}