{"id":1406,"date":"2018-02-05T10:49:43","date_gmt":"2018-02-05T08:49:43","guid":{"rendered":"https:\/\/reideniplaat.ee\/eps-soojustus\/"},"modified":"2018-07-11T13:48:37","modified_gmt":"2018-07-11T11:48:37","slug":"uteplenie-eps","status":"publish","type":"page","link":"https:\/\/reideniplaat.ee\/ru\/uteplenie-eps\/","title":{"rendered":"\u0423\u0442\u0435\u043f\u043b\u0435\u043d\u0438\u0435 EPS"},"content":{"rendered":"<h2>\u041c\u0430\u0442\u0435\u0440\u0438\u0430\u043b EPS<\/h2>\n<p>\u0411\u044b\u0441\u0442\u0440\u043e \u0440\u0430\u0441\u0442\u0443\u0449\u0438\u0435 \u0446\u0435\u043d\u044b \u043d\u0430 \u044d\u043d\u0435\u0440\u0433\u0438\u044e \u0437\u0430\u0441\u0442\u0430\u0432\u043b\u044f\u044e\u0442 \u0437\u0430\u0434\u0443\u043c\u044b\u0432\u0430\u0442\u044c\u0441\u044f \u043e \u0445\u043e\u0440\u043e\u0448\u0435\u043c \u0443\u0442\u0435\u043f\u043b\u0435\u043d\u0438\u0438 \u043a\u0430\u043a \u0431\u043e\u043b\u0435\u0435 \u0441\u0442\u0430\u0440\u044b\u0445, \u0442\u0430\u043a \u0438 \u043d\u043e\u0432\u044b\u0445 \u0434\u043e\u043c\u043e\u0432. \u041f\u0435\u043d\u043e\u043f\u043e\u043b\u0438\u0441\u0442\u0438\u0440\u043e\u043b\u044c\u043d\u044b\u0435 \u0443\u0442\u0435\u043f\u043b\u0438\u0442\u0435\u043b\u044c\u043d\u044b\u0435 \u043f\u043b\u0438\u0442\u044b Reiden EPS TERM \u2013 \u044d\u0442\u043e \u044d\u043a\u043e\u043d\u043e\u043c\u0438\u0447\u0435\u0441\u043a\u0438 \u0440\u0430\u0446\u0438\u043e\u043d\u0430\u043b\u044c\u043d\u044b\u0439 \u0438 \u044d\u043a\u043e\u043b\u043e\u0433\u0438\u0447\u043d\u044b\u0439 \u0432\u044b\u0431\u043e\u0440.<\/p>\n<p><strong>\u0423\u0442\u0435\u043f\u043b\u0438\u0442\u0435\u043b\u044c\u043d\u044b\u0435 \u043f\u043b\u0438\u0442\u044b EPS \u043b\u0435\u0433\u043a\u0438\u0435, \u043b\u0435\u0433\u043a\u043e \u043e\u0431\u0440\u0430\u0431\u0430\u0442\u044b\u0432\u0430\u0435\u043c\u044b\u0435, \u0441 \u0442\u0435\u0447\u0435\u043d\u0438\u0435\u043c \u0432\u0440\u0435\u043c\u0435\u043d\u0438 \u043d\u0435 \u0443\u0442\u0440\u0430\u0447\u0438\u0432\u0430\u044e\u0442 \u0442\u0435\u043f\u043b\u043e\u0438\u0437\u043e\u043b\u0438\u0440\u0443\u044e\u0449\u0438\u0445 \u0441\u0432\u043e\u0439\u0441\u0442\u0432 \u0438 \u043d\u0435 \u0434\u0435\u0444\u043e\u0440\u043c\u0438\u0440\u0443\u044e\u0442\u0441\u044f, \u043e\u0431\u043b\u0430\u0434\u0430\u044f \u043f\u0440\u0438 \u044d\u0442\u043e\u043c \u043a\u043e\u043d\u0441\u0442\u0440\u0443\u043a\u0442\u0438\u0432\u043d\u043e\u0439 \u043f\u0440\u043e\u0447\u043d\u043e\u0441\u0442\u044c\u044e.<\/strong><\/p>\n<p>\u041f\u0440\u0438 \u0441\u043f\u043b\u0430\u0432\u043b\u0435\u043d\u0438\u0438 \u0440\u0430\u0437\u0434\u0443\u0432\u0448\u0438\u0445\u0441\u044f \u043f\u043e\u0434 \u0432\u043e\u0437\u0434\u0435\u0439\u0441\u0442\u0432\u0438\u0435\u043c \u0432\u043e\u0434\u044f\u043d\u043e\u0433\u043e \u043f\u0430\u0440\u0430 \u043f\u0435\u043d\u043e\u043f\u043e\u043b\u0438\u0441\u0442\u0438\u0440\u043e\u043b\u044c\u043d\u044b\u0445 \u0433\u0440\u0430\u043d\u0443\u043b \u043e\u0431\u0440\u0430\u0437\u0443\u0435\u0442\u0441\u044f \u043c\u0430\u0442\u0435\u0440\u0438\u0430\u043b EPS-plast \u0441 \u0437\u0430\u043a\u0440\u044b\u0442\u044b\u043c\u0438 \u043f\u043e\u0440\u0430\u043c\u0438, \u0441\u0442\u0440\u0443\u043a\u0442\u0443\u0440\u0443 \u043a\u043e\u0442\u043e\u0440\u043e\u0433\u043e \u043d\u0430 98% \u0441\u043e\u0441\u0442\u0430\u0432\u043b\u044f\u0435\u0442 \u043d\u0430\u0445\u043e\u0434\u044f\u0449\u0438\u0439\u0441\u044f \u0432 \u0437\u0430\u043a\u0443\u043f\u043e\u0440\u0435\u043d\u043d\u044b\u0445 \u043f\u043e\u0440\u0430\u0445 \u0432\u043e\u0437\u0434\u0443\u0445. \u041a\u0430\u043a \u0438\u0437\u0432\u0435\u0441\u0442\u043d\u043e, \u0441\u0442\u043e\u044f\u0447\u0438\u0439 \u0432\u043e\u0437\u0434\u0443\u0445 \u044f\u0432\u043b\u044f\u0435\u0442\u0441\u044f \u043e\u0447\u0435\u043d\u044c \u0445\u043e\u0440\u043e\u0448\u0438\u043c \u0442\u0435\u043f\u043b\u043e\u0438\u0437\u043e\u043b\u044f\u0442\u043e\u0440\u043e\u043c, \u043f\u043e\u044d\u0442\u043e\u043c\u0443 EPS \u044f\u0432\u043b\u044f\u0435\u0442\u0441\u044f \u043e\u0442\u043b\u0438\u0447\u043d\u044b\u043c \u0442\u0435\u043f\u043b\u043e\u0438\u0437\u043e\u043b\u0438\u0440\u0443\u044e\u0449\u0438\u043c \u043c\u0430\u0442\u0435\u0440\u0438\u0430\u043b\u043e\u043c.<\/p>\n<p>\u041e\u0437\u043d\u0430\u0447\u0430\u044e\u0449\u0430\u044f \u043f\u0435\u043d\u043e\u043f\u043e\u043b\u0438\u0441\u0442\u0438\u0440\u043e\u043b \u0430\u0431\u0431\u0440\u0435\u0432\u0438\u0430\u0442\u0443\u0440\u0430 EPS \u043e\u0431\u0440\u0430\u0437\u043e\u0432\u0430\u043d\u0430 \u043e\u0442 \u0430\u043d\u0433\u043b\u0438\u0439\u0441\u043a\u043e\u0433\u043e \u00abexpanded polystyrene\u00bb. \u0418\u043d\u043e\u0433\u0434\u0430 \u043f\u0435\u043d\u043e\u043f\u043e\u043b\u0438\u0441\u0442\u0438\u0440\u043e\u043b \u043d\u0430\u0437\u044b\u0432\u0430\u044e\u0442 \u041f\u0421\u0412, \u043f\u0435\u043d\u043e\u043f\u043b\u0430\u0441\u0442\u043e\u043c \u041f\u0421\u0411-\u0421 \u0438 \u0441\u0442\u0438\u0440\u043e\u043f\u043e\u0440\u043e\u043c.<\/p>\n<p>\u0422\u0440\u0435\u0431\u043e\u0432\u0430\u043d\u0438\u044f \u043a \u043a\u0430\u0447\u0435\u0441\u0442\u0432\u0443 EPS \u0432\u044b\u0442\u0435\u043a\u0430\u044e\u0442 \u0438\u0437 \u0441\u0432\u043e\u0439\u0441\u0442\u0432, \u043a\u043e\u0442\u043e\u0440\u044b\u0435 \u043f\u0440\u0435\u0434\u044a\u044f\u0432\u043b\u044f\u044e\u0442\u0441\u044f \u043a \u0438\u0437\u043e\u043b\u044f\u0446\u0438\u043e\u043d\u043d\u043e\u043c\u0443 \u043c\u0430\u0442\u0435\u0440\u0438\u0430\u043b\u0443 \u0432 \u0434\u0430\u043d\u043d\u043e\u043c \u043a\u043e\u043d\u043a\u0440\u0435\u0442\u043d\u043e\u043c \u043c\u0435\u0441\u0442\u0435 \u0435\u0433\u043e \u0438\u0441\u043f\u043e\u043b\u044c\u0437\u043e\u0432\u0430\u043d\u0438\u044f \u2013 \u0442\u0435\u043f\u043b\u043e\u043f\u0440\u043e\u0432\u043e\u0434\u043d\u043e\u0441\u0442\u044c, \u0443\u0441\u0442\u043e\u0439\u0447\u0438\u0432\u043e\u0441\u0442\u044c \u043a \u043d\u0430\u0433\u0440\u0443\u0437\u043a\u0430\u043c, \u043f\u0440\u043e\u0447\u043d\u043e\u0441\u0442\u044c \u043d\u0430 \u0440\u0430\u0437\u0440\u044b\u0432 \u0438 \u0438\u0437\u0433\u0438\u0431, \u0432\u043b\u0430\u0433\u043e\u0441\u0442\u043e\u0439\u043a\u043e\u0441\u0442\u044c, \u0432\u043e\u0434\u043e- \u0438 \u043f\u0430\u0440\u043e\u043f\u0440\u043e\u043d\u0438\u0446\u0430\u0435\u043c\u043e\u0441\u0442\u044c, \u0441\u0442\u0430\u0431\u0438\u043b\u044c\u043d\u043e\u0441\u0442\u044c \u0440\u0430\u0437\u043c\u0435\u0440\u043e\u0432 \u0438 \u043f\u043e\u0436\u0430\u0440\u043e\u0431\u0435\u0437\u043e\u043f\u0430\u0441\u043d\u043e\u0441\u0442\u044c. \u041f\u0440\u0438 \u0438\u0437\u0433\u043e\u0442\u043e\u0432\u043b\u0435\u043d\u0438\u0438 \u0443\u0442\u0435\u043f\u043b\u0438\u0442\u0435\u043b\u044c\u043d\u044b\u0445 \u043f\u043b\u0438\u0442 EPS TERM \u0438\u0441\u043f\u043e\u043b\u044c\u0437\u0443\u0435\u0442\u0441\u044f \u0441\u044b\u0440\u044c\u0435 \u0441 \u043f\u0440\u0435\u043f\u044f\u0442\u0441\u0442\u0432\u0443\u044e\u0449\u0438\u043c\u0438 \u043e\u0433\u043d\u044e \u0434\u043e\u0431\u0430\u0432\u043a\u0430\u043c\u0438, \u043a\u043e\u0442\u043e\u0440\u044b\u0435 \u043f\u0440\u0438\u0434\u0430\u044e\u0442 EPS \u0441\u0432\u043e\u0439\u0441\u0442\u0432\u0430 \u0442\u0440\u0443\u0434\u043d\u043e\u0432\u043e\u0441\u043f\u043b\u0430\u043c\u0435\u043d\u044f\u0435\u043c\u043e\u0441\u0442\u0438 \u0438 \u0441\u0430\u043c\u043e\u0442\u0443\u0448\u0435\u043d\u0438\u044f. \u041f\u0440\u0438 \u0443\u0441\u0442\u0440\u0430\u043d\u0435\u043d\u0438\u0438 \u0438\u0441\u0442\u043e\u0447\u043d\u0438\u043a\u0430 \u043e\u0433\u043d\u044f \u043e\u0442 \u043c\u0430\u0442\u0435\u0440\u0438\u0430\u043b\u0430, \u043c\u0430\u0442\u0435\u0440\u0438\u0430\u043b \u0441\u0430\u043c\u043e\u0441\u0442\u043e\u044f\u0442\u0435\u043b\u044c\u043d\u043e \u043f\u0440\u0435\u043a\u0440\u0430\u0449\u0430\u0435\u0442 \u0433\u043e\u0440\u0435\u0442\u044c. \u0422\u0430\u043a\u043e\u0439 \u0442\u0440\u0443\u0434\u043d\u043e\u0432\u043e\u0441\u043f\u043b\u0430\u043c\u0435\u043d\u044f\u044e\u0449\u0438\u0439\u0441\u044f \u0438 \u0441\u0430\u043c\u043e\u0442\u0443\u0448\u0430\u0449\u0438\u0439\u0441\u044f \u043c\u0430\u0442\u0435\u0440\u0438\u0430\u043b \u0438\u043c\u0435\u0435\u0442 \u043a\u043b\u0430\u0441\u0441 \u043f\u043e\u0436\u0430\u0440\u043e\u0431\u0435\u0437\u043e\u043f\u0430\u0441\u043d\u043e\u0441\u0442\u0438 Euroclass E.<\/p>\n","protected":false},"excerpt":{"rendered":"<p>\u041c\u0430\u0442\u0435\u0440\u0438\u0430\u043b EPS \u0411\u044b\u0441\u0442\u0440\u043e \u0440\u0430\u0441\u0442\u0443\u0449\u0438\u0435 \u0446\u0435\u043d\u044b \u043d\u0430 \u044d\u043d\u0435\u0440\u0433\u0438\u044e \u0437\u0430\u0441\u0442\u0430\u0432\u043b\u044f\u044e\u0442 \u0437\u0430\u0434\u0443\u043c\u044b\u0432\u0430\u0442\u044c\u0441\u044f \u043e \u0445\u043e\u0440\u043e\u0448\u0435\u043c \u0443\u0442\u0435\u043f\u043b\u0435\u043d\u0438\u0438 \u043a\u0430\u043a \u0431\u043e\u043b\u0435\u0435 \u0441\u0442\u0430\u0440\u044b\u0445, \u0442\u0430\u043a \u0438 \u043d\u043e\u0432\u044b\u0445 \u0434\u043e\u043c\u043e\u0432. \u041f\u0435\u043d\u043e\u043f\u043e\u043b\u0438\u0441\u0442\u0438\u0440\u043e\u043b\u044c\u043d\u044b\u0435 \u0443\u0442\u0435\u043f\u043b\u0438\u0442\u0435\u043b\u044c\u043d\u044b\u0435 \u043f\u043b\u0438\u0442\u044b Reiden EPS TERM \u2013<span class=\"excerpt-hellip\"> [\u2026]<\/span><\/p>\n","protected":false},"author":1,"featured_media":0,"parent":0,"menu_order":0,"comment_status":"closed","ping_status":"closed","template":"","meta":{"_acf_changed":false,"footnotes":""},"class_list":["post-1406","page","type-page","status-publish","hentry"],"acf":[],"yoast_head":"<!-- This site is optimized with the Yoast SEO plugin v25.0 - https:\/\/yoast.com\/wordpress\/plugins\/seo\/ -->\n<title>\u0423\u0442\u0435\u043f\u043b\u0435\u043d\u0438\u0435 EPS - Reideni Plaat AS<\/title>\n<meta name=\"description\" content=\"EPS soojustusplaadid on kerged, lihtsalt k\u00e4sitletavad, ei kaota aja jooksul soojust isoleerivaid omadusi ega deformeeru ning samas omavad konstruktiivset tugevust. Reideni vahtpol\u00fcst\u00fcreenist EPS soojustusplaatide kasutamine on majanduslikult efektiivne ja looduskeskkonda s\u00e4\u00e4stev valik.\" \/>\n<meta name=\"robots\" content=\"index, follow, max-snippet:-1, max-image-preview:large, max-video-preview:-1\" \/>\n<link rel=\"canonical\" href=\"https:\/\/reideniplaat.ee\/ru\/uteplenie-eps\/\" \/>\n<meta property=\"og:locale\" content=\"ru_RU\" \/>\n<meta property=\"og:type\" content=\"article\" \/>\n<meta property=\"og:title\" content=\"\u0423\u0442\u0435\u043f\u043b\u0435\u043d\u0438\u0435 EPS - Reideni Plaat AS\" \/>\n<meta property=\"og:description\" content=\"EPS soojustusplaadid on kerged, lihtsalt k\u00e4sitletavad, ei kaota aja jooksul soojust isoleerivaid omadusi ega deformeeru ning samas omavad konstruktiivset tugevust. Reideni vahtpol\u00fcst\u00fcreenist EPS soojustusplaatide kasutamine on majanduslikult efektiivne ja looduskeskkonda s\u00e4\u00e4stev valik.\" \/>\n<meta property=\"og:url\" content=\"https:\/\/reideniplaat.ee\/ru\/uteplenie-eps\/\" \/>\n<meta property=\"og:site_name\" content=\"Reideni Plaat AS\" \/>\n<meta property=\"article:modified_time\" content=\"2018-07-11T11:48:37+00:00\" \/>\n<meta name=\"twitter:card\" content=\"summary_large_image\" \/>\n<script type=\"application\/ld+json\" class=\"yoast-schema-graph\">{\"@context\":\"https:\/\/schema.org\",\"@graph\":[{\"@type\":\"WebPage\",\"@id\":\"https:\/\/reideniplaat.ee\/ru\/uteplenie-eps\/\",\"url\":\"https:\/\/reideniplaat.ee\/ru\/uteplenie-eps\/\",\"name\":\"\u0423\u0442\u0435\u043f\u043b\u0435\u043d\u0438\u0435 EPS - Reideni Plaat AS\",\"isPartOf\":{\"@id\":\"https:\/\/reideniplaat.ee\/#website\"},\"datePublished\":\"2018-02-05T08:49:43+00:00\",\"dateModified\":\"2018-07-11T11:48:37+00:00\",\"description\":\"EPS soojustusplaadid on kerged, lihtsalt k\u00e4sitletavad, ei kaota aja jooksul soojust isoleerivaid omadusi ega deformeeru ning samas omavad konstruktiivset tugevust. Reideni vahtpol\u00fcst\u00fcreenist EPS soojustusplaatide kasutamine on majanduslikult efektiivne ja looduskeskkonda s\u00e4\u00e4stev valik.\",\"breadcrumb\":{\"@id\":\"https:\/\/reideniplaat.ee\/ru\/uteplenie-eps\/#breadcrumb\"},\"inLanguage\":\"ru-RU\",\"potentialAction\":[{\"@type\":\"ReadAction\",\"target\":[\"https:\/\/reideniplaat.ee\/ru\/uteplenie-eps\/\"]}]},{\"@type\":\"BreadcrumbList\",\"@id\":\"https:\/\/reideniplaat.ee\/ru\/uteplenie-eps\/#breadcrumb\",\"itemListElement\":[{\"@type\":\"ListItem\",\"position\":1,\"name\":\"Home\",\"item\":\"https:\/\/reideniplaat.ee\/ru\/\"},{\"@type\":\"ListItem\",\"position\":2,\"name\":\"\u0423\u0442\u0435\u043f\u043b\u0435\u043d\u0438\u0435 EPS\"}]},{\"@type\":\"WebSite\",\"@id\":\"https:\/\/reideniplaat.ee\/#website\",\"url\":\"https:\/\/reideniplaat.ee\/\",\"name\":\"Reideni Plaat AS\",\"description\":\"\",\"potentialAction\":[{\"@type\":\"SearchAction\",\"target\":{\"@type\":\"EntryPoint\",\"urlTemplate\":\"https:\/\/reideniplaat.ee\/?s={search_term_string}\"},\"query-input\":{\"@type\":\"PropertyValueSpecification\",\"valueRequired\":true,\"valueName\":\"search_term_string\"}}],\"inLanguage\":\"ru-RU\"}]}<\/script>\n<!-- \/ Yoast SEO plugin. -->","yoast_head_json":{"title":"\u0423\u0442\u0435\u043f\u043b\u0435\u043d\u0438\u0435 EPS - Reideni Plaat AS","description":"EPS soojustusplaadid on kerged, lihtsalt k\u00e4sitletavad, ei kaota aja jooksul soojust isoleerivaid omadusi ega deformeeru ning samas omavad konstruktiivset tugevust. Reideni vahtpol\u00fcst\u00fcreenist EPS soojustusplaatide kasutamine on majanduslikult efektiivne ja looduskeskkonda s\u00e4\u00e4stev valik.","robots":{"index":"index","follow":"follow","max-snippet":"max-snippet:-1","max-image-preview":"max-image-preview:large","max-video-preview":"max-video-preview:-1"},"canonical":"https:\/\/reideniplaat.ee\/ru\/uteplenie-eps\/","og_locale":"ru_RU","og_type":"article","og_title":"\u0423\u0442\u0435\u043f\u043b\u0435\u043d\u0438\u0435 EPS - Reideni Plaat AS","og_description":"EPS soojustusplaadid on kerged, lihtsalt k\u00e4sitletavad, ei kaota aja jooksul soojust isoleerivaid omadusi ega deformeeru ning samas omavad konstruktiivset tugevust. Reideni vahtpol\u00fcst\u00fcreenist EPS soojustusplaatide kasutamine on majanduslikult efektiivne ja looduskeskkonda s\u00e4\u00e4stev valik.","og_url":"https:\/\/reideniplaat.ee\/ru\/uteplenie-eps\/","og_site_name":"Reideni Plaat AS","article_modified_time":"2018-07-11T11:48:37+00:00","twitter_card":"summary_large_image","schema":{"@context":"https:\/\/schema.org","@graph":[{"@type":"WebPage","@id":"https:\/\/reideniplaat.ee\/ru\/uteplenie-eps\/","url":"https:\/\/reideniplaat.ee\/ru\/uteplenie-eps\/","name":"\u0423\u0442\u0435\u043f\u043b\u0435\u043d\u0438\u0435 EPS - Reideni Plaat AS","isPartOf":{"@id":"https:\/\/reideniplaat.ee\/#website"},"datePublished":"2018-02-05T08:49:43+00:00","dateModified":"2018-07-11T11:48:37+00:00","description":"EPS soojustusplaadid on kerged, lihtsalt k\u00e4sitletavad, ei kaota aja jooksul soojust isoleerivaid omadusi ega deformeeru ning samas omavad konstruktiivset tugevust. Reideni vahtpol\u00fcst\u00fcreenist EPS soojustusplaatide kasutamine on majanduslikult efektiivne ja looduskeskkonda s\u00e4\u00e4stev valik.","breadcrumb":{"@id":"https:\/\/reideniplaat.ee\/ru\/uteplenie-eps\/#breadcrumb"},"inLanguage":"ru-RU","potentialAction":[{"@type":"ReadAction","target":["https:\/\/reideniplaat.ee\/ru\/uteplenie-eps\/"]}]},{"@type":"BreadcrumbList","@id":"https:\/\/reideniplaat.ee\/ru\/uteplenie-eps\/#breadcrumb","itemListElement":[{"@type":"ListItem","position":1,"name":"Home","item":"https:\/\/reideniplaat.ee\/ru\/"},{"@type":"ListItem","position":2,"name":"\u0423\u0442\u0435\u043f\u043b\u0435\u043d\u0438\u0435 EPS"}]},{"@type":"WebSite","@id":"https:\/\/reideniplaat.ee\/#website","url":"https:\/\/reideniplaat.ee\/","name":"Reideni Plaat AS","description":"","potentialAction":[{"@type":"SearchAction","target":{"@type":"EntryPoint","urlTemplate":"https:\/\/reideniplaat.ee\/?s={search_term_string}"},"query-input":{"@type":"PropertyValueSpecification","valueRequired":true,"valueName":"search_term_string"}}],"inLanguage":"ru-RU"}]}},"_links":{"self":[{"href":"https:\/\/reideniplaat.ee\/ru\/wp-json\/wp\/v2\/pages\/1406","targetHints":{"allow":["GET"]}}],"collection":[{"href":"https:\/\/reideniplaat.ee\/ru\/wp-json\/wp\/v2\/pages"}],"about":[{"href":"https:\/\/reideniplaat.ee\/ru\/wp-json\/wp\/v2\/types\/page"}],"author":[{"embeddable":true,"href":"https:\/\/reideniplaat.ee\/ru\/wp-json\/wp\/v2\/users\/1"}],"replies":[{"embeddable":true,"href":"https:\/\/reideniplaat.ee\/ru\/wp-json\/wp\/v2\/comments?post=1406"}],"version-history":[{"count":2,"href":"https:\/\/reideniplaat.ee\/ru\/wp-json\/wp\/v2\/pages\/1406\/revisions"}],"predecessor-version":[{"id":1409,"href":"https:\/\/reideniplaat.ee\/ru\/wp-json\/wp\/v2\/pages\/1406\/revisions\/1409"}],"wp:attachment":[{"href":"https:\/\/reideniplaat.ee\/ru\/wp-json\/wp\/v2\/media?parent=1406"}],"curies":[{"name":"wp","href":"https:\/\/api.w.org\/{rel}","templated":true}]}}