{"id":801,"date":"2018-03-01T10:11:16","date_gmt":"2018-03-01T08:11:16","guid":{"rendered":"https:\/\/reideniplaat.ee\/sertifikaadid\/"},"modified":"2026-01-22T09:25:12","modified_gmt":"2026-01-22T07:25:12","slug":"deklaracii","status":"publish","type":"page","link":"https:\/\/reideniplaat.ee\/ru\/deklaracii\/","title":{"rendered":"\u0414\u0435\u043a\u043b\u0430\u0440\u0430\u0446\u0438\u0438"},"content":{"rendered":"","protected":false},"excerpt":{"rendered":"","protected":false},"author":1,"featured_media":0,"parent":0,"menu_order":0,"comment_status":"closed","ping_status":"closed","template":"certificates.php","meta":{"_acf_changed":false,"footnotes":""},"class_list":["post-801","page","type-page","status-publish","hentry"],"acf":[],"yoast_head":"<!-- This site is optimized with the Yoast SEO plugin v25.0 - https:\/\/yoast.com\/wordpress\/plugins\/seo\/ -->\n<title>\u0414\u0435\u043a\u043b\u0430\u0440\u0430\u0446\u0438\u0438 - Reideni Plaat AS<\/title>\n<meta name=\"description\" content=\"EPS-soojustusplaadid on h\u00f5lmatud \u00fchtlustatud standardiga EN 13163 ning tootja peab alates 1.07.2013 toote turule laskmisel koostama toimivusdeklaratsiooni vastavalt Euroopa Parlamendi ja N\u00f5ukogu Ehitustoodete m\u00e4\u00e4ruse (EL) nr 305\/2011, III lisas esitatud n\u00e4idisele.\" \/>\n<meta name=\"robots\" content=\"index, follow, max-snippet:-1, max-image-preview:large, max-video-preview:-1\" \/>\n<link rel=\"canonical\" href=\"https:\/\/reideniplaat.ee\/deklaratsioonid\/\" \/>\n<meta property=\"og:locale\" content=\"ru_RU\" \/>\n<meta property=\"og:type\" content=\"article\" \/>\n<meta property=\"og:title\" content=\"\u0414\u0435\u043a\u043b\u0430\u0440\u0430\u0446\u0438\u0438 - Reideni Plaat AS\" \/>\n<meta property=\"og:description\" content=\"EPS-soojustusplaadid on h\u00f5lmatud \u00fchtlustatud standardiga EN 13163 ning tootja peab alates 1.07.2013 toote turule laskmisel koostama toimivusdeklaratsiooni vastavalt Euroopa Parlamendi ja N\u00f5ukogu Ehitustoodete m\u00e4\u00e4ruse (EL) nr 305\/2011, III lisas esitatud n\u00e4idisele.\" \/>\n<meta property=\"og:url\" content=\"https:\/\/reideniplaat.ee\/deklaratsioonid\/\" \/>\n<meta property=\"og:site_name\" content=\"Reideni Plaat AS\" \/>\n<meta property=\"article:modified_time\" content=\"2026-01-22T07:25:12+00:00\" \/>\n<meta name=\"twitter:card\" content=\"summary_large_image\" \/>\n<script type=\"application\/ld+json\" class=\"yoast-schema-graph\">{\"@context\":\"https:\/\/schema.org\",\"@graph\":[{\"@type\":\"WebPage\",\"@id\":\"https:\/\/reideniplaat.ee\/deklaratsioonid\/\",\"url\":\"https:\/\/reideniplaat.ee\/deklaratsioonid\/\",\"name\":\"\u0414\u0435\u043a\u043b\u0430\u0440\u0430\u0446\u0438\u0438 - Reideni Plaat AS\",\"isPartOf\":{\"@id\":\"https:\/\/reideniplaat.ee\/#website\"},\"datePublished\":\"2018-03-01T08:11:16+00:00\",\"dateModified\":\"2026-01-22T07:25:12+00:00\",\"description\":\"EPS-soojustusplaadid on h\u00f5lmatud \u00fchtlustatud standardiga EN 13163 ning tootja peab alates 1.07.2013 toote turule laskmisel koostama toimivusdeklaratsiooni vastavalt Euroopa Parlamendi ja N\u00f5ukogu Ehitustoodete m\u00e4\u00e4ruse (EL) nr 305\/2011, III lisas esitatud n\u00e4idisele.\",\"breadcrumb\":{\"@id\":\"https:\/\/reideniplaat.ee\/deklaratsioonid\/#breadcrumb\"},\"inLanguage\":\"ru-RU\",\"potentialAction\":[{\"@type\":\"ReadAction\",\"target\":[\"https:\/\/reideniplaat.ee\/deklaratsioonid\/\"]}]},{\"@type\":\"BreadcrumbList\",\"@id\":\"https:\/\/reideniplaat.ee\/deklaratsioonid\/#breadcrumb\",\"itemListElement\":[{\"@type\":\"ListItem\",\"position\":1,\"name\":\"Home\",\"item\":\"https:\/\/reideniplaat.ee\/ru\/\"},{\"@type\":\"ListItem\",\"position\":2,\"name\":\"\u0414\u0435\u043a\u043b\u0430\u0440\u0430\u0446\u0438\u0438\"}]},{\"@type\":\"WebSite\",\"@id\":\"https:\/\/reideniplaat.ee\/#website\",\"url\":\"https:\/\/reideniplaat.ee\/\",\"name\":\"Reideni Plaat AS\",\"description\":\"\",\"potentialAction\":[{\"@type\":\"SearchAction\",\"target\":{\"@type\":\"EntryPoint\",\"urlTemplate\":\"https:\/\/reideniplaat.ee\/?s={search_term_string}\"},\"query-input\":{\"@type\":\"PropertyValueSpecification\",\"valueRequired\":true,\"valueName\":\"search_term_string\"}}],\"inLanguage\":\"ru-RU\"}]}<\/script>\n<!-- \/ Yoast SEO plugin. -->","yoast_head_json":{"title":"\u0414\u0435\u043a\u043b\u0430\u0440\u0430\u0446\u0438\u0438 - Reideni Plaat AS","description":"EPS-soojustusplaadid on h\u00f5lmatud \u00fchtlustatud standardiga EN 13163 ning tootja peab alates 1.07.2013 toote turule laskmisel koostama toimivusdeklaratsiooni vastavalt Euroopa Parlamendi ja N\u00f5ukogu Ehitustoodete m\u00e4\u00e4ruse (EL) nr 305\/2011, III lisas esitatud n\u00e4idisele.","robots":{"index":"index","follow":"follow","max-snippet":"max-snippet:-1","max-image-preview":"max-image-preview:large","max-video-preview":"max-video-preview:-1"},"canonical":"https:\/\/reideniplaat.ee\/deklaratsioonid\/","og_locale":"ru_RU","og_type":"article","og_title":"\u0414\u0435\u043a\u043b\u0430\u0440\u0430\u0446\u0438\u0438 - Reideni Plaat AS","og_description":"EPS-soojustusplaadid on h\u00f5lmatud \u00fchtlustatud standardiga EN 13163 ning tootja peab alates 1.07.2013 toote turule laskmisel koostama toimivusdeklaratsiooni vastavalt Euroopa Parlamendi ja N\u00f5ukogu Ehitustoodete m\u00e4\u00e4ruse (EL) nr 305\/2011, III lisas esitatud n\u00e4idisele.","og_url":"https:\/\/reideniplaat.ee\/deklaratsioonid\/","og_site_name":"Reideni Plaat AS","article_modified_time":"2026-01-22T07:25:12+00:00","twitter_card":"summary_large_image","schema":{"@context":"https:\/\/schema.org","@graph":[{"@type":"WebPage","@id":"https:\/\/reideniplaat.ee\/deklaratsioonid\/","url":"https:\/\/reideniplaat.ee\/deklaratsioonid\/","name":"\u0414\u0435\u043a\u043b\u0430\u0440\u0430\u0446\u0438\u0438 - Reideni Plaat AS","isPartOf":{"@id":"https:\/\/reideniplaat.ee\/#website"},"datePublished":"2018-03-01T08:11:16+00:00","dateModified":"2026-01-22T07:25:12+00:00","description":"EPS-soojustusplaadid on h\u00f5lmatud \u00fchtlustatud standardiga EN 13163 ning tootja peab alates 1.07.2013 toote turule laskmisel koostama toimivusdeklaratsiooni vastavalt Euroopa Parlamendi ja N\u00f5ukogu Ehitustoodete m\u00e4\u00e4ruse (EL) nr 305\/2011, III lisas esitatud n\u00e4idisele.","breadcrumb":{"@id":"https:\/\/reideniplaat.ee\/deklaratsioonid\/#breadcrumb"},"inLanguage":"ru-RU","potentialAction":[{"@type":"ReadAction","target":["https:\/\/reideniplaat.ee\/deklaratsioonid\/"]}]},{"@type":"BreadcrumbList","@id":"https:\/\/reideniplaat.ee\/deklaratsioonid\/#breadcrumb","itemListElement":[{"@type":"ListItem","position":1,"name":"Home","item":"https:\/\/reideniplaat.ee\/ru\/"},{"@type":"ListItem","position":2,"name":"\u0414\u0435\u043a\u043b\u0430\u0440\u0430\u0446\u0438\u0438"}]},{"@type":"WebSite","@id":"https:\/\/reideniplaat.ee\/#website","url":"https:\/\/reideniplaat.ee\/","name":"Reideni Plaat AS","description":"","potentialAction":[{"@type":"SearchAction","target":{"@type":"EntryPoint","urlTemplate":"https:\/\/reideniplaat.ee\/?s={search_term_string}"},"query-input":{"@type":"PropertyValueSpecification","valueRequired":true,"valueName":"search_term_string"}}],"inLanguage":"ru-RU"}]}},"_links":{"self":[{"href":"https:\/\/reideniplaat.ee\/ru\/wp-json\/wp\/v2\/pages\/801","targetHints":{"allow":["GET"]}}],"collection":[{"href":"https:\/\/reideniplaat.ee\/ru\/wp-json\/wp\/v2\/pages"}],"about":[{"href":"https:\/\/reideniplaat.ee\/ru\/wp-json\/wp\/v2\/types\/page"}],"author":[{"embeddable":true,"href":"https:\/\/reideniplaat.ee\/ru\/wp-json\/wp\/v2\/users\/1"}],"replies":[{"embeddable":true,"href":"https:\/\/reideniplaat.ee\/ru\/wp-json\/wp\/v2\/comments?post=801"}],"version-history":[{"count":2,"href":"https:\/\/reideniplaat.ee\/ru\/wp-json\/wp\/v2\/pages\/801\/revisions"}],"predecessor-version":[{"id":2259,"href":"https:\/\/reideniplaat.ee\/ru\/wp-json\/wp\/v2\/pages\/801\/revisions\/2259"}],"wp:attachment":[{"href":"https:\/\/reideniplaat.ee\/ru\/wp-json\/wp\/v2\/media?parent=801"}],"curies":[{"name":"wp","href":"https:\/\/api.w.org\/{rel}","templated":true}]}}